{"id":8853,"date":"2020-11-27T12:07:21","date_gmt":"2020-11-27T11:07:21","guid":{"rendered":"https:\/\/www.dekorativnifotografie.cz\/dekorativnifoto\/?post_type=product&#038;p=8853"},"modified":"2020-11-27T13:28:29","modified_gmt":"2020-11-27T12:28:29","slug":"burmese-python-myanmar","status":"publish","type":"product","link":"https:\/\/www.dekorativnifotografie.cz\/dekorativnifoto\/obchod\/zvirata\/burmese-python-myanmar\/","title":{"rendered":"Burmese Python, Myanmar"},"content":{"rendered":"<p style=\"text-align: center;\">Ka\u017ed\u00e1 fotografie je opat\u0159ena certifika\u010dn\u00edm \u0161t\u00edtkem s n\u00e1zvem, s\u00e9riov\u00fdm \u010d\u00edslem a origin\u00e1ln\u00edm podpisem autora. Fotografie jsou ti\u0161t\u011bny v maxim\u00e1ln\u00ed limitovan\u00e9 \u0159ad\u011b 200 ks. Ka\u017edou z nab\u00edzen\u00fdch fotografi\u00ed je mo\u017en\u00e9 objednat tak\u00e9 v jin\u00fdch rozm\u011brech, v barevn\u00e9, \u010di \u010dernob\u00edl\u00e9 variant\u011b.<\/p>\n","protected":false},"excerpt":{"rendered":"<p>N\u011bkdo hady miluje, druz\u00ed je nesn\u00e1\u0161\u00ed. J\u00e1 pat\u0159\u00edm k t\u00e9 prvn\u00ed skupin\u011b. Kdykoliv jsem v pralese, hady vyhled\u00e1v\u00e1m a fot\u00edm. Za touhle krajtou jsem \u0161el neprostupn\u00fdm pralesem n\u011bkolik dn\u00ed. Cestu jsem si musel prosek\u00e1vat ma\u010detou. V jedn\u00e9 z vesnic, do kter\u00e9 jsem do\u0161el, jsem potkal Oliho. Tento b\u00fdval\u00fd voj\u00e1k m\u011b dost v\u00fdrazn\u011b upozornil, \u017ee \u010d\u00e1st tohoto pralesa je st\u00e1le zaminovan\u00e1. Nab\u00eddl mi, \u017ee p\u016fjde se mnou a \u017ee se pokus\u00edme spole\u010dn\u011b krajty, kter\u00e9 zde \u017eij\u00ed, nal\u00e9zt. Mus\u00edm p\u0159iznat, \u017ee jsem za jeho pomoc byl nesm\u00edrn\u011b vd\u011b\u010dn\u00fd. Spole\u010dn\u011b jsme se tak prosek\u00e1vali d\u017eungl\u00ed. Stoupali jsme do strm\u00fdch kopc\u016f, brodili potoky, J\u00e1 obt\u011b\u017ek\u00e1n batohem s technikou, Oli vybaven \u0165apkami. Ale do c\u00edle jsme do\u0161li a hada skute\u010dn\u011b objevili. V tu chv\u00edli jsem byl sice znaven\u00fd jako pes, ale nesm\u00edrn\u011b \u0161\u0165astn\u00fd. Ostatn\u011b jako v\u017edycky, kdy\u017e spln\u00edm c\u00edl, kter\u00fd jsem si na za\u010d\u00e1tku vyty\u010dil.<\/p>\n","protected":false},"featured_media":8884,"template":"","meta":[],"product_cat":[51],"product_tag":[80,82,94,93,602,225,676,210,677,679,224,675,601,569,568,678,680,209,79],"_links":{"self":[{"href":"https:\/\/www.dekorativnifotografie.cz\/dekorativnifoto\/wp-json\/wp\/v2\/product\/8853"}],"collection":[{"href":"https:\/\/www.dekorativnifotografie.cz\/dekorativnifoto\/wp-json\/wp\/v2\/product"}],"about":[{"href":"https:\/\/www.dekorativnifotografie.cz\/dekorativnifoto\/wp-json\/wp\/v2\/types\/product"}],"wp:featuredmedia":[{"embeddable":true,"href":"https:\/\/www.dekorativnifotografie.cz\/dekorativnifoto\/wp-json\/wp\/v2\/media\/8884"}],"wp:attachment":[{"href":"https:\/\/www.dekorativnifotografie.cz\/dekorativnifoto\/wp-json\/wp\/v2\/media?parent=8853"}],"wp:term":[{"taxonomy":"product_cat","embeddable":true,"href":"https:\/\/www.dekorativnifotografie.cz\/dekorativnifoto\/wp-json\/wp\/v2\/product_cat?post=8853"},{"taxonomy":"product_tag","embeddable":true,"href":"https:\/\/www.dekorativnifotografie.cz\/dekorativnifoto\/wp-json\/wp\/v2\/product_tag?post=8853"}],"curies":[{"name":"wp","href":"https:\/\/api.w.org\/{rel}","templated":true}]}}