{"id":8647,"date":"2020-10-09T11:21:01","date_gmt":"2020-10-09T09:21:01","guid":{"rendered":"https:\/\/www.dekorativnifotografie.cz\/dekorativnifoto\/?post_type=product&#038;p=8647"},"modified":"2020-11-20T09:33:48","modified_gmt":"2020-11-20T08:33:48","slug":"lion-baby-kenya","status":"publish","type":"product","link":"https:\/\/www.dekorativnifotografie.cz\/dekorativnifoto\/obchod\/zvirata\/lion-baby-kenya\/","title":{"rendered":"Lion Baby, Kenya"},"content":{"rendered":"<p style=\"text-align: center;\">Ka\u017ed\u00e1 fotografie je opat\u0159ena certifika\u010dn\u00edm \u0161t\u00edtkem s n\u00e1zvem, s\u00e9riov\u00fdm \u010d\u00edslem a origin\u00e1ln\u00edm podpisem autora. Fotografie jsou ti\u0161t\u011bny v maxim\u00e1ln\u00ed limitovan\u00e9 \u0159ad\u011b 200 ks. Ka\u017edou z nab\u00edzen\u00fdch fotografi\u00ed je mo\u017en\u00e9 objednat tak\u00e9 v jin\u00fdch rozm\u011brech, v barevn\u00e9, \u010di \u010dernob\u00edl\u00e9 variant\u011b.<\/p>\n","protected":false},"excerpt":{"rendered":"<p>Ke\u0148sk\u00fd n\u00e1rodn\u00ed park Masai Mara je pro m\u011b fascinuj\u00edc\u00ed divadlo pln\u00e9 zv\u00ed\u0159ec\u00edch akt\u00e9r\u016f, kter\u00e9 bych dok\u00e1zal pozorovat dlouh\u00e9 hodiny. Minim\u00e1ln\u011b dv\u011b hodiny jsem str\u00e1vil i focen\u00edm tohoto lv\u00ed\u010dete\u00a0 a jeho sourozenc\u016f, kte\u0159\u00ed dov\u00e1d\u011bli s hravost\u00ed a zv\u00eddavost\u00ed d\u00edt\u011bte. Na ve\u0161ker\u00e9 d\u011bn\u00ed samoz\u0159ejm\u011b dohl\u00ed\u017eej\u00ed p\u0159\u00edsn\u00fdm okem i lv\u00ed m\u00e1my, kter\u00e9 sv\u00e1 ml\u00e1\u010fata vedou k jednomu jedin\u00e9mu c\u00edli. B\u00fdt siln\u00fdm jedincem, kter\u00fd v divok\u00e9 africk\u00e9 p\u0159\u00edrod\u011b p\u0159e\u017eije a zachov\u00e1 druh. Toto lv\u00ed\u010d\u00e1tko pr\u00e1v\u011b prozkoum\u00e1v\u00e1 sv\u011bt a p\u0159ij\u00edm\u00e1 z\u00e1konitosti lv\u00ed sme\u010dky.\u00a0 Za kmenem stromu na \u00e9to fotografii se ale schov\u00e1v\u00e1 dal\u0161\u00ed ml\u00e1d\u011b. Nedlouho po stisknut\u00ed spou\u0161t\u011b fotooapar\u00e1tu druh\u00fd lv\u00ed\u010dek &#8222;za\u00fato\u010dil&#8220; na sv\u00e9ho k\u00e1mo\u0161e a za\u010dalo opravdov\u00e9 ko\u010dkov\u00e1n\u00ed. Soust\u0159edil jsem se, aby mi neunikl ani jeden z\u00e1b\u011br. I p\u0159esto jsem se p\u0159istihl, jak mi jejich hravost, radost a roztomilost vykouzlily \u00fasm\u011bv na tv\u00e1\u0159i.<\/p>\n","protected":false},"featured_media":8681,"template":"","meta":[],"product_cat":[51],"product_tag":[468,469,80,82,531,222,221,243,210,655,656,250,352,249,343,527,588,664,665,653,115,350,666,309,525,526,523,524,529,528,209,81,79],"_links":{"self":[{"href":"https:\/\/www.dekorativnifotografie.cz\/dekorativnifoto\/wp-json\/wp\/v2\/product\/8647"}],"collection":[{"href":"https:\/\/www.dekorativnifotografie.cz\/dekorativnifoto\/wp-json\/wp\/v2\/product"}],"about":[{"href":"https:\/\/www.dekorativnifotografie.cz\/dekorativnifoto\/wp-json\/wp\/v2\/types\/product"}],"wp:featuredmedia":[{"embeddable":true,"href":"https:\/\/www.dekorativnifotografie.cz\/dekorativnifoto\/wp-json\/wp\/v2\/media\/8681"}],"wp:attachment":[{"href":"https:\/\/www.dekorativnifotografie.cz\/dekorativnifoto\/wp-json\/wp\/v2\/media?parent=8647"}],"wp:term":[{"taxonomy":"product_cat","embeddable":true,"href":"https:\/\/www.dekorativnifotografie.cz\/dekorativnifoto\/wp-json\/wp\/v2\/product_cat?post=8647"},{"taxonomy":"product_tag","embeddable":true,"href":"https:\/\/www.dekorativnifotografie.cz\/dekorativnifoto\/wp-json\/wp\/v2\/product_tag?post=8647"}],"curies":[{"name":"wp","href":"https:\/\/api.w.org\/{rel}","templated":true}]}}