{"id":8611,"date":"2020-10-09T11:07:14","date_gmt":"2020-10-09T09:07:14","guid":{"rendered":"https:\/\/www.dekorativnifotografie.cz\/dekorativnifoto\/?post_type=product&#038;p=8611"},"modified":"2020-11-30T13:09:06","modified_gmt":"2020-11-30T12:09:06","slug":"elephant-mom-kenya","status":"publish","type":"product","link":"https:\/\/www.dekorativnifotografie.cz\/dekorativnifoto\/obchod\/nezarazene\/elephant-mom-kenya\/","title":{"rendered":"Elephant Mom, Kenya"},"content":{"rendered":"<p style=\"text-align: center;\">Ka\u017ed\u00e1 fotografie je opat\u0159ena certifika\u010dn\u00edm \u0161t\u00edtkem s n\u00e1zvem, s\u00e9riov\u00fdm \u010d\u00edslem a origin\u00e1ln\u00edm podpisem autora. Fotografie jsou ti\u0161t\u011bny v maxim\u00e1ln\u00ed limitovan\u00e9 \u0159ad\u011b 200 ks. Ka\u017edou z nab\u00edzen\u00fdch fotografi\u00ed je mo\u017en\u00e9 objednat tak\u00e9 v jin\u00fdch rozm\u011brech, v barevn\u00e9, \u010di \u010dernob\u00edl\u00e9 variant\u011b.<\/p>\n","protected":false},"excerpt":{"rendered":"<p>Sloni jsou moudr\u00e1 stvo\u0159en\u00ed a pozorovat je ve voln\u00e9 p\u0159\u00edrod\u011b je pro m\u011b v\u017edy dojemn\u00fd z\u00e1\u017eitek. V\u011b\u0159te, \u017ee vzpom\u00ednky na africk\u00e9 safari nikdy neomrz\u00ed. Obzvl\u00e1\u0161t\u011b v takov\u00e9m moment\u011b, jako je zachycen na t\u00e9to fotografii. Slon\u00ed m\u00e1ma s ml\u00e1\u010faty ode m\u011b byla jen p\u00e1r metr\u016f. Dokonal\u00e1 sv\u011b\u017e\u00ed scen\u00e9rie obklopuj\u00edc\u00ed slony na m\u011b u\u017e v okam\u017eik focen\u00ed p\u016fsobila nesm\u00edrn\u011b klidn\u011b. Ve spojen\u00ed s moudr\u00fdm pohledem samice ve m\u011b v\u017edy vzplane s\u00edla, kter\u00e1 m\u011b vede nejen v m\u00e9m fotografick\u00e9m \u017eivot\u011b kup\u0159edu. Stejn\u011b tak, jako ku p\u0159edu sm\u011b\u0159uje tato sympatick\u00e1 rodinka.<\/p>\n","protected":false},"featured_media":8640,"template":"","meta":[],"product_cat":[27],"product_tag":[468,469,80,82,222,221,243,658,662,663,210,655,656,250,352,249,343,659,527,309,525,526,523,524,529,528,660,661,209,81,79],"_links":{"self":[{"href":"https:\/\/www.dekorativnifotografie.cz\/dekorativnifoto\/wp-json\/wp\/v2\/product\/8611"}],"collection":[{"href":"https:\/\/www.dekorativnifotografie.cz\/dekorativnifoto\/wp-json\/wp\/v2\/product"}],"about":[{"href":"https:\/\/www.dekorativnifotografie.cz\/dekorativnifoto\/wp-json\/wp\/v2\/types\/product"}],"wp:featuredmedia":[{"embeddable":true,"href":"https:\/\/www.dekorativnifotografie.cz\/dekorativnifoto\/wp-json\/wp\/v2\/media\/8640"}],"wp:attachment":[{"href":"https:\/\/www.dekorativnifotografie.cz\/dekorativnifoto\/wp-json\/wp\/v2\/media?parent=8611"}],"wp:term":[{"taxonomy":"product_cat","embeddable":true,"href":"https:\/\/www.dekorativnifotografie.cz\/dekorativnifoto\/wp-json\/wp\/v2\/product_cat?post=8611"},{"taxonomy":"product_tag","embeddable":true,"href":"https:\/\/www.dekorativnifotografie.cz\/dekorativnifoto\/wp-json\/wp\/v2\/product_tag?post=8611"}],"curies":[{"name":"wp","href":"https:\/\/api.w.org\/{rel}","templated":true}]}}