{"id":8511,"date":"2020-10-02T12:53:04","date_gmt":"2020-10-02T10:53:04","guid":{"rendered":"https:\/\/www.dekorativnifotografie.cz\/dekorativnifoto\/?post_type=product&#038;p=8511"},"modified":"2021-06-03T08:54:33","modified_gmt":"2021-06-03T06:54:33","slug":"waura-body-painting-xingu-river-amazonia","status":"publish","type":"product","link":"https:\/\/www.dekorativnifotografie.cz\/dekorativnifoto\/obchod\/limitovana-edice\/waura-body-painting-xingu-river-amazonia\/","title":{"rendered":"Waura Body Painting, Xingu River, Amazonia"},"content":{"rendered":"<p style=\"text-align: center;\">Tato fotografie bude vyti\u0161t\u011bna v limitovan\u00e9 edici 3 kus\u016f o velikosti 120&#215;80 cm. Bude n\u00e1m ct\u00ed, kdy\u017e se stanete jej\u00edm hrd\u00fdm majitelem. Ka\u017ed\u00e1 fotografie je opat\u0159ena certifika\u010dn\u00edm \u0161t\u00edtkem s n\u00e1zvem, s\u00e9riov\u00fdm \u010d\u00edslem a origin\u00e1ln\u00edm podpisem autora.<\/p>\n<p>&nbsp;<\/p>\n","protected":false},"excerpt":{"rendered":"<p>Indi\u00e1ni kmen Waur\u00e1 jsou nesm\u00edrn\u011b fotogeni\u010dt\u00ed. Pro jejich ob\u0159adn\u00ed tance jsou u d\u00edvek nezbytn\u00e9 ornamenty, kter\u00e9 jim maluj\u00ed jejich m\u00e1my. Pou\u017e\u00edvaj\u00ed k tomu p\u0159\u00edrodn\u00ed \u010dervenou barvou uruk\u00fa a \u010dernou genipapo. V ch\u00fd\u0161i, kde se d\u00edvky zdob\u00ed, panovala nesm\u00edrn\u011b intimn\u00ed atmosf\u00e9ra. Ka\u017ed\u00e1 maminka se sna\u017eila, aby jej\u00ed dcera byla p\u0159i tanci co nejhez\u010d\u00ed.<\/p>\n","protected":false},"featured_media":8524,"template":"","meta":[],"product_cat":[625],"product_tag":[],"_links":{"self":[{"href":"https:\/\/www.dekorativnifotografie.cz\/dekorativnifoto\/wp-json\/wp\/v2\/product\/8511"}],"collection":[{"href":"https:\/\/www.dekorativnifotografie.cz\/dekorativnifoto\/wp-json\/wp\/v2\/product"}],"about":[{"href":"https:\/\/www.dekorativnifotografie.cz\/dekorativnifoto\/wp-json\/wp\/v2\/types\/product"}],"wp:featuredmedia":[{"embeddable":true,"href":"https:\/\/www.dekorativnifotografie.cz\/dekorativnifoto\/wp-json\/wp\/v2\/media\/8524"}],"wp:attachment":[{"href":"https:\/\/www.dekorativnifotografie.cz\/dekorativnifoto\/wp-json\/wp\/v2\/media?parent=8511"}],"wp:term":[{"taxonomy":"product_cat","embeddable":true,"href":"https:\/\/www.dekorativnifotografie.cz\/dekorativnifoto\/wp-json\/wp\/v2\/product_cat?post=8511"},{"taxonomy":"product_tag","embeddable":true,"href":"https:\/\/www.dekorativnifotografie.cz\/dekorativnifoto\/wp-json\/wp\/v2\/product_tag?post=8511"}],"curies":[{"name":"wp","href":"https:\/\/api.w.org\/{rel}","templated":true}]}}