{"id":8493,"date":"2020-10-02T12:47:41","date_gmt":"2020-10-02T10:47:41","guid":{"rendered":"https:\/\/www.dekorativnifotografie.cz\/dekorativnifoto\/?post_type=product&#038;p=8493"},"modified":"2021-06-03T08:54:09","modified_gmt":"2021-06-03T06:54:09","slug":"waura-tribe-xingu-river-amazonia","status":"publish","type":"product","link":"https:\/\/www.dekorativnifotografie.cz\/dekorativnifoto\/obchod\/limitovana-edice\/waura-tribe-xingu-river-amazonia\/","title":{"rendered":"Waura Tribe, Xingu River, Amazonia"},"content":{"rendered":"<p style=\"text-align: center;\">Tato fotografie bude vyti\u0161t\u011bna v limitovan\u00e9 edici 3 kus\u016f o velikosti 120&#215;80 cm. Bude n\u00e1m ct\u00ed, kdy\u017e se stanete jej\u00edm hrd\u00fdm majitelem. Ka\u017ed\u00e1 fotografie je opat\u0159ena certifika\u010dn\u00edm \u0161t\u00edtkem s n\u00e1zvem, s\u00e9riov\u00fdm \u010d\u00edslem a origin\u00e1ln\u00edm podpisem autora.<\/p>\n","protected":false},"excerpt":{"rendered":"<p>Ve vesnici xingusk\u00fdch indi\u00e1n\u016f jsem byl sv\u011bdkem tanc\u016f, v pr\u016fb\u011bhu kter\u00fdch p\u0159\u00edslu\u0161n\u00edci kmene Waur\u00e1 tan\u010dili a zp\u00edvali k uct\u011bn\u00ed lesn\u00edch boh\u016f a d\u00e9mon\u016f. V\u011b\u0159\u00ed, \u017ee uvnit\u0159 \u0161amanova chrast\u00edtka je dobr\u00fd duch odh\u00e1n\u011bj\u00edc\u00ed z vesnice zl\u00e9 d\u00e9mony. Tance doprov\u00e1z\u00ed i hra na posv\u00e1tn\u00e9 fl\u00e9tny YAKUI. V pr\u016fb\u011bhu tohoto tance indi\u00e1ni odh\u00e1n\u011bj\u00ed\u00ed z ch\u00fd\u0161\u00ed zl\u00e9 duchy a sna\u017e\u00ed se z\u00edskat p\u0159\u00edze\u0148 t\u011bch dobr\u00fdch.<\/p>\n","protected":false},"featured_media":8505,"template":"","meta":[],"product_cat":[625],"product_tag":[],"_links":{"self":[{"href":"https:\/\/www.dekorativnifotografie.cz\/dekorativnifoto\/wp-json\/wp\/v2\/product\/8493"}],"collection":[{"href":"https:\/\/www.dekorativnifotografie.cz\/dekorativnifoto\/wp-json\/wp\/v2\/product"}],"about":[{"href":"https:\/\/www.dekorativnifotografie.cz\/dekorativnifoto\/wp-json\/wp\/v2\/types\/product"}],"wp:featuredmedia":[{"embeddable":true,"href":"https:\/\/www.dekorativnifotografie.cz\/dekorativnifoto\/wp-json\/wp\/v2\/media\/8505"}],"wp:attachment":[{"href":"https:\/\/www.dekorativnifotografie.cz\/dekorativnifoto\/wp-json\/wp\/v2\/media?parent=8493"}],"wp:term":[{"taxonomy":"product_cat","embeddable":true,"href":"https:\/\/www.dekorativnifotografie.cz\/dekorativnifoto\/wp-json\/wp\/v2\/product_cat?post=8493"},{"taxonomy":"product_tag","embeddable":true,"href":"https:\/\/www.dekorativnifotografie.cz\/dekorativnifoto\/wp-json\/wp\/v2\/product_tag?post=8493"}],"curies":[{"name":"wp","href":"https:\/\/api.w.org\/{rel}","templated":true}]}}