{"id":8456,"date":"2020-10-02T12:23:10","date_gmt":"2020-10-02T10:23:10","guid":{"rendered":"https:\/\/www.dekorativnifotografie.cz\/dekorativnifoto\/?post_type=product&#038;p=8456"},"modified":"2021-11-30T14:40:12","modified_gmt":"2021-11-30T13:40:12","slug":"waura-girl-i-xingu-river-amazonia","status":"publish","type":"product","link":"https:\/\/www.dekorativnifotografie.cz\/dekorativnifoto\/obchod\/limitovana-edice\/waura-girl-i-xingu-river-amazonia\/","title":{"rendered":"Waura Girl I, Xingu River, Amazonia"},"content":{"rendered":"<p style=\"text-align: center;\">Tato fotografie bude vyti\u0161t\u011bna v limitovan\u00e9 edici 3 kus\u016f o velikosti 120&#215;80 cm. Bude n\u00e1m ct\u00ed, kdy\u017e se stanete jej\u00edm hrd\u00fdm majitelem. Ka\u017ed\u00e1 fotografie je opat\u0159ena certifika\u010dn\u00edm \u0161t\u00edtkem s n\u00e1zvem, s\u00e9riov\u00fdm \u010d\u00edslem a origin\u00e1ln\u00edm podpisem autora.<\/p>\n","protected":false},"excerpt":{"rendered":"<p>Jeden pohled n\u011bkdy sta\u010d\u00ed k tomu, aby se mi podlomila kolena. Tuto fotku jsem fotil v ch\u00fd\u0161i, kde se d\u00edvky pr\u00e1v\u011b zdobily tradi\u010dn\u00edmi ornamenty. Zm\u00e1\u010dkl jsem spou\u0161\u0165, ale v z\u00e1plav\u011b v\u0161ech dojm\u016f, pro\u017eitk\u016f a vyfocen\u00fdch sn\u00edmk\u016f z vesnice tohoto indi\u00e1nsk\u00e9ho kmene, jsem na fotku \u00fapln\u011b zapomn\u011bl. Mou pozornost op\u011bt p\u0159ipoutala a\u017e doma, kdy jsem d\u011blal v\u00fdb\u011br fotografi\u00ed po\u0159\u00edzen\u00fdch na t\u00e9to cest\u011b. Pohled t\u00e9to d\u00edvky ve m\u011b vzbudil mnoho my\u0161lenek. Na co mysl\u00ed? Koho nebo co pozoruje? Jak\u00e1 je jej\u00ed budoucnost? Pro m\u011b samotn\u00e9ho je tato fotka pohledem do budoucnosti, kde siln\u00fd kmen Waur\u00e1 br\u00e1n\u00ed d\u00e1l \u00fasp\u011b\u0161n\u011b sv\u00e9 tradice, \u017eivot v pralese prov\u00e1zan\u00fd s amazonskou d\u017eungl\u00ed a s osobitost\u00ed sob\u011b vlastn\u00ed \u017eije napln\u011bn\u00fd a \u0161\u0165astn\u00fd \u017eivot. Minim\u00e1ln\u011b takov\u00fd, jak\u00fd jsem v xingusk\u00e9 vesnici poznal.<\/p>\n","protected":false},"featured_media":8484,"template":"","meta":[],"product_cat":[625],"product_tag":[288,513,213,399,279,490,188,38,280,652,278,423,424,406,651,246,287,256,244,286,304,390,648,214,650,649],"_links":{"self":[{"href":"https:\/\/www.dekorativnifotografie.cz\/dekorativnifoto\/wp-json\/wp\/v2\/product\/8456"}],"collection":[{"href":"https:\/\/www.dekorativnifotografie.cz\/dekorativnifoto\/wp-json\/wp\/v2\/product"}],"about":[{"href":"https:\/\/www.dekorativnifotografie.cz\/dekorativnifoto\/wp-json\/wp\/v2\/types\/product"}],"wp:featuredmedia":[{"embeddable":true,"href":"https:\/\/www.dekorativnifotografie.cz\/dekorativnifoto\/wp-json\/wp\/v2\/media\/8484"}],"wp:attachment":[{"href":"https:\/\/www.dekorativnifotografie.cz\/dekorativnifoto\/wp-json\/wp\/v2\/media?parent=8456"}],"wp:term":[{"taxonomy":"product_cat","embeddable":true,"href":"https:\/\/www.dekorativnifotografie.cz\/dekorativnifoto\/wp-json\/wp\/v2\/product_cat?post=8456"},{"taxonomy":"product_tag","embeddable":true,"href":"https:\/\/www.dekorativnifotografie.cz\/dekorativnifoto\/wp-json\/wp\/v2\/product_tag?post=8456"}],"curies":[{"name":"wp","href":"https:\/\/api.w.org\/{rel}","templated":true}]}}