{"id":8380,"date":"2020-10-01T12:30:51","date_gmt":"2020-10-01T10:30:51","guid":{"rendered":"https:\/\/www.dekorativnifotografie.cz\/dekorativnifoto\/?post_type=product&#038;p=8380"},"modified":"2020-11-30T13:09:51","modified_gmt":"2020-11-30T12:09:51","slug":"lotus-flower-myanmar","status":"publish","type":"product","link":"https:\/\/www.dekorativnifotografie.cz\/dekorativnifoto\/obchod\/zvirata\/lotus-flower-myanmar\/","title":{"rendered":"Lotus Flower, Myanmar"},"content":{"rendered":"<p style=\"text-align: center;\">Ka\u017ed\u00e1 fotografie je opat\u0159ena certifika\u010dn\u00edm \u0161t\u00edtkem s n\u00e1zvem, s\u00e9riov\u00fdm \u010d\u00edslem a origin\u00e1ln\u00edm podpisem autora. Fotografie jsou ti\u0161t\u011bny v maxim\u00e1ln\u00ed limitovan\u00e9 \u0159ad\u011b 200 ks. Ka\u017edou z nab\u00edzen\u00fdch fotografi\u00ed je mo\u017en\u00e9 objednat tak\u00e9 v jin\u00fdch rozm\u011brech, v barevn\u00e9, \u010di \u010dernob\u00edl\u00e9 variant\u011b.<\/p>\n","protected":false},"excerpt":{"rendered":"<p>Kv\u011btiny jsou neuv\u011b\u0159iteln\u011b dekorativn\u00ed. A\u0165 u\u017e stoj\u00ed v\u00e1za s barevnou kytic\u00ed na stole, konferen\u010dn\u00edm stolku nebo t\u0159eba vis\u00ed kr\u00e1sn\u011b barevn\u00e9 kv\u011bty ve form\u011b obrazu na st\u011bn\u011b interi\u00e9ru. V\u017edy m\u011b fascinuje jakou optimistickou atmosf\u00e9rou dok\u00e1\u017eou kv\u011btiny sv\u00fdmi barvami, k\u0159ehkost\u00ed a ladnost\u00ed navodit. Dekorativn\u00ed foto obraz s t\u011bmito kv\u011bty se skv\u011ble hod\u00ed do d\u00edv\u010d\u00edho pokoje, p\u0159eds\u00edn\u011b, ob\u00fdvac\u00edho pokoje nebo t\u0159eba do terapeutick\u00e9ho centra. Tyto lotosov\u00e9 kv\u011bty jsem vyfotografoval v jednom mal\u00e9m buddhistick\u00e9m chr\u00e1mu na jihu Barmy, kam je m\u00edstn\u00ed sta\u0159enka donesla k olt\u00e1\u0159i, aby uctila sv\u00e9 bohy. Mo\u017en\u00e1 i proto maj\u00ed pro m\u011b takov\u00fd vzne\u0161en\u00fd charakter.<\/p>\n","protected":false},"featured_media":8409,"template":"","meta":[],"product_cat":[51],"product_tag":[288,373,622,619,621,623,353,618,620,617,256,473,508,261,624,472,260,486,349,483,348],"_links":{"self":[{"href":"https:\/\/www.dekorativnifotografie.cz\/dekorativnifoto\/wp-json\/wp\/v2\/product\/8380"}],"collection":[{"href":"https:\/\/www.dekorativnifotografie.cz\/dekorativnifoto\/wp-json\/wp\/v2\/product"}],"about":[{"href":"https:\/\/www.dekorativnifotografie.cz\/dekorativnifoto\/wp-json\/wp\/v2\/types\/product"}],"wp:featuredmedia":[{"embeddable":true,"href":"https:\/\/www.dekorativnifotografie.cz\/dekorativnifoto\/wp-json\/wp\/v2\/media\/8409"}],"wp:attachment":[{"href":"https:\/\/www.dekorativnifotografie.cz\/dekorativnifoto\/wp-json\/wp\/v2\/media?parent=8380"}],"wp:term":[{"taxonomy":"product_cat","embeddable":true,"href":"https:\/\/www.dekorativnifotografie.cz\/dekorativnifoto\/wp-json\/wp\/v2\/product_cat?post=8380"},{"taxonomy":"product_tag","embeddable":true,"href":"https:\/\/www.dekorativnifotografie.cz\/dekorativnifoto\/wp-json\/wp\/v2\/product_tag?post=8380"}],"curies":[{"name":"wp","href":"https:\/\/api.w.org\/{rel}","templated":true}]}}