{"id":8324,"date":"2020-09-30T13:55:21","date_gmt":"2020-09-30T11:55:21","guid":{"rendered":"https:\/\/www.dekorativnifotografie.cz\/dekorativnifoto\/?post_type=product&#038;p=8324"},"modified":"2020-11-30T13:10:20","modified_gmt":"2020-11-30T12:10:20","slug":"mt-taranaki-new-zealand","status":"publish","type":"product","link":"https:\/\/www.dekorativnifotografie.cz\/dekorativnifoto\/obchod\/krajiny\/mt-taranaki-new-zealand\/","title":{"rendered":"Mt. Taranaki, New Zealand"},"content":{"rendered":"<p style=\"text-align: center;\">Tato fotografie byla po\u0159\u00edzena klasickou technikou fotografie na diapozitiv Kodak Ectachrome E100.<\/p>\n<p style=\"text-align: center;\">Ka\u017ed\u00e1 fotografie je opat\u0159ena certifika\u010dn\u00edm \u0161t\u00edtkem s n\u00e1zvem, s\u00e9riov\u00fdm \u010d\u00edslem a origin\u00e1ln\u00edm podpisem autora. Fotografie jsou ti\u0161t\u011bny v maxim\u00e1ln\u00ed limitovan\u00e9 \u0159ad\u011b 200 ks. Ka\u017edou z nab\u00edzen\u00fdch fotografi\u00ed je mo\u017en\u00e9 objednat tak\u00e9 v jin\u00fdch rozm\u011brech, v barevn\u00e9, \u010di \u010dernob\u00edl\u00e9 variant\u011b.<\/p>\n","protected":false},"excerpt":{"rendered":"<p>V\u017edycky, kdy\u017e vid\u00edm fotky z Nov\u00e9ho Z\u00e9landu d\u00fdchne na m\u011b duch klasick\u00e9 fotografie. V t\u00e9to n\u00e1dhern\u00e9 zemi jsem str\u00e1vil p\u0159es osm m\u011bs\u00edc\u016f a v\u0161echny fotky nafotil klasickou technikou na diapozitiv. Do Nov\u00e9ho Z\u00e9landu jsem se zamiloval. Poka\u017ed\u00e9, kdy\u017e jsem se r\u00e1no probudil, a\u0165 u\u017e to bylo kdekoliv, v\u017edy mi dech sebrala m\u00edstn\u00ed krajina. Jej\u00ed r\u00e1z, barvy, n\u00e1dech i pestrost i tajuplnost snad nikde jinde nenajdete. nediv\u00edm se, \u017ee si pr\u00e1v\u011b Peter Jackson vybral Nov\u00fd Z\u00e9land k nato\u010den\u00ed sv\u00e9 proslul\u00e9 trilogie P\u00e1n prsten\u016f. Tento film se mimo jin\u00e9 nat\u00e1\u010del v dob\u011b m\u00e9ho pobytu zde. Nov\u00fd Z\u00e9land si ale z\u00edskal m\u00e9 srdce i kv\u016fli neuv\u011b\u0159iteln\u011b mil\u00fdm lidem, kte\u0159\u00ed se ke m\u011b v\u017edy chovali p\u0159\u00e1telsky a srde\u010dn\u011b, jako bych byl sou\u010d\u00e1st\u00ed jejich novoz\u00e9landsk\u00e9 rodiny.<\/p>\n","protected":false},"featured_media":8354,"template":"","meta":[],"product_cat":[49],"product_tag":[208,248,616,614,611,612,210,152,268,610,287,207,609,615,613,608,172,171,244,247,568,301,310,209],"_links":{"self":[{"href":"https:\/\/www.dekorativnifotografie.cz\/dekorativnifoto\/wp-json\/wp\/v2\/product\/8324"}],"collection":[{"href":"https:\/\/www.dekorativnifotografie.cz\/dekorativnifoto\/wp-json\/wp\/v2\/product"}],"about":[{"href":"https:\/\/www.dekorativnifotografie.cz\/dekorativnifoto\/wp-json\/wp\/v2\/types\/product"}],"wp:featuredmedia":[{"embeddable":true,"href":"https:\/\/www.dekorativnifotografie.cz\/dekorativnifoto\/wp-json\/wp\/v2\/media\/8354"}],"wp:attachment":[{"href":"https:\/\/www.dekorativnifotografie.cz\/dekorativnifoto\/wp-json\/wp\/v2\/media?parent=8324"}],"wp:term":[{"taxonomy":"product_cat","embeddable":true,"href":"https:\/\/www.dekorativnifotografie.cz\/dekorativnifoto\/wp-json\/wp\/v2\/product_cat?post=8324"},{"taxonomy":"product_tag","embeddable":true,"href":"https:\/\/www.dekorativnifotografie.cz\/dekorativnifoto\/wp-json\/wp\/v2\/product_tag?post=8324"}],"curies":[{"name":"wp","href":"https:\/\/api.w.org\/{rel}","templated":true}]}}