{"id":8177,"date":"2020-09-24T09:59:39","date_gmt":"2020-09-24T07:59:39","guid":{"rendered":"https:\/\/www.dekorativnifotografie.cz\/dekorativnifoto\/?post_type=product&#038;p=8177"},"modified":"2020-11-30T13:40:21","modified_gmt":"2020-11-30T12:40:21","slug":"sunset-galapagos-islands-ecuador","status":"publish","type":"product","link":"https:\/\/www.dekorativnifotografie.cz\/dekorativnifoto\/obchod\/krajiny\/sunset-galapagos-islands-ecuador\/","title":{"rendered":"Sunset, Gal\u00e1pagos Islands, Ecuador"},"content":{"rendered":"<p style=\"text-align: center;\">Ka\u017ed\u00e1 fotografie je opat\u0159ena certifika\u010dn\u00edm \u0161t\u00edtkem s n\u00e1zvem, s\u00e9riov\u00fdm \u010d\u00edslem a origin\u00e1ln\u00edm podpisem autora. Fotografie jsou ti\u0161t\u011bny v maxim\u00e1ln\u00ed limitovan\u00e9 \u0159ad\u011b 200 ks. Ka\u017edou z nab\u00edzen\u00fdch fotografi\u00ed je mo\u017en\u00e9 objednat tak\u00e9 v jin\u00fdch rozm\u011brech, v barevn\u00e9, \u010di \u010dernob\u00edl\u00e9 variant\u011b.<\/p>\n","protected":false},"excerpt":{"rendered":"<p>Galap\u00e1gy jsou r\u00e1jem na Zemi. Nikde jinde na sv\u011bt\u011b jsem nevid\u011bl takovou koncentraci voln\u011b \u017eij\u00edc\u00edch zv\u00ed\u0159at, jako pr\u00e1v\u011b na galap\u00e1\u017esk\u00fdch ostrovech. A ty z\u00e1pady slunce! \u00dapln\u011b c\u00edt\u00edm, jak se nohama bo\u0159\u00edm do vyh\u0159\u00e1t\u00e9ho p\u00edsku, proch\u00e1z\u00edm se po pl\u00e1\u017ei, kterou m\u00e1m jen s\u00e1m pro sebe, sleduji mo\u0159sk\u00e9 vlny p\u0159evaluj\u00edc\u00ed se tam a zp\u011bt a u\u017e\u00edv\u00e1m si kr\u00e1sn\u011b rozehran\u00e9 barevn\u00e9 p\u0159edstaven\u00ed odehr\u00e1vaj\u00edc\u00ed se na nebi kolem m\u011b. Klid a vyrovnanost je ten pocit, kter\u00fd jsem p\u0159i po\u0159\u00edzen\u00ed t\u00e9to fotky pro\u017e\u00edval. Dovedu si proto p\u0159edstavit, \u017ee stejnou n\u00e1ladu dok\u00e1\u017ee tato fotka p\u0159en\u00e9st t\u0159eba do lo\u017enice, terapeutick\u00e9ho centra nebo ob\u00fdvac\u00edho pokoje.<\/p>\n","protected":false},"featured_media":8205,"template":"","meta":[],"product_cat":[49],"product_tag":[288,174,176,399,398,120,119,605,86,85,406,189,268,269,463,256,181,183,204,206,173,175,245,304,390,182,190,520,336,606,198],"_links":{"self":[{"href":"https:\/\/www.dekorativnifotografie.cz\/dekorativnifoto\/wp-json\/wp\/v2\/product\/8177"}],"collection":[{"href":"https:\/\/www.dekorativnifotografie.cz\/dekorativnifoto\/wp-json\/wp\/v2\/product"}],"about":[{"href":"https:\/\/www.dekorativnifotografie.cz\/dekorativnifoto\/wp-json\/wp\/v2\/types\/product"}],"wp:featuredmedia":[{"embeddable":true,"href":"https:\/\/www.dekorativnifotografie.cz\/dekorativnifoto\/wp-json\/wp\/v2\/media\/8205"}],"wp:attachment":[{"href":"https:\/\/www.dekorativnifotografie.cz\/dekorativnifoto\/wp-json\/wp\/v2\/media?parent=8177"}],"wp:term":[{"taxonomy":"product_cat","embeddable":true,"href":"https:\/\/www.dekorativnifotografie.cz\/dekorativnifoto\/wp-json\/wp\/v2\/product_cat?post=8177"},{"taxonomy":"product_tag","embeddable":true,"href":"https:\/\/www.dekorativnifotografie.cz\/dekorativnifoto\/wp-json\/wp\/v2\/product_tag?post=8177"}],"curies":[{"name":"wp","href":"https:\/\/api.w.org\/{rel}","templated":true}]}}