{"id":8066,"date":"2020-09-23T10:15:05","date_gmt":"2020-09-23T08:15:05","guid":{"rendered":"https:\/\/www.dekorativnifotografie.cz\/dekorativnifoto\/?post_type=product&#038;p=8066"},"modified":"2020-12-01T12:47:26","modified_gmt":"2020-12-01T11:47:26","slug":"next-15-km-australia","status":"publish","type":"product","link":"https:\/\/www.dekorativnifotografie.cz\/dekorativnifoto\/obchod\/kultura\/next-15-km-australia\/","title":{"rendered":"Next 15 km, Australia"},"content":{"rendered":"<p style=\"text-align: center;\">Ka\u017ed\u00e1 fotografie je opat\u0159ena certifika\u010dn\u00edm \u0161t\u00edtkem s n\u00e1zvem, s\u00e9riov\u00fdm \u010d\u00edslem a origin\u00e1ln\u00edm podpisem autora. Fotografie jsou ti\u0161t\u011bny v maxim\u00e1ln\u00ed limitovan\u00e9 \u0159ad\u011b 200 ks. Ka\u017edou z nab\u00edzen\u00fdch fotografi\u00ed je mo\u017en\u00e9 objednat tak\u00e9 v jin\u00fdch rozm\u011brech, v barevn\u00e9, \u010di \u010dernob\u00edl\u00e9 variant\u011b.<\/p>\n","protected":false},"excerpt":{"rendered":"<p>Austr\u00e1lie m\u00e1 mnoho ikonick\u00fdch symbol\u016f. Jedn\u00edm z nich je i cedule Pozor klokani!. Na dlouh\u00fdch rovink\u00e1ch uprost\u0159ed pou\u0161t\u011b \u010dasto b\u00fdvaj\u00ed jedin\u00fdm zpest\u0159en\u00edm na cest\u011b. Ale k nejmen\u0161\u00edmu kontinentu sv\u011bta to prost\u011b pat\u0159\u00ed. A v\u011b\u0159te, \u017ee ka\u017ed\u00fd, kdo n\u011bkdy byl v austr\u00e1lii, m\u00e1 tuto ceduli ve sv\u00e9m archivu fotografi\u00ed. P\u0159esto i tato fotografie m\u016f\u017ee m\u00edt sv\u016fj p\u0159\u00edb\u011bh. T\u0159eba takov\u00fd, kdy jsem p\u0159esn\u011b naproti t\u00e9to ceduli nakupoval poprv\u00e9 v \u017eivot\u011b v selfe service st\u00e1nku ty nejlep\u0161\u00ed pomeran\u010de, jak\u00e9 jsem kdy m\u011bl. Do p\u0159ipraven\u00e9 kasi\u010dky jsem hodil po\u017eadovan\u00fd obnos, vzal si zakoupen\u00fd pytl\u00edk oran\u017eov\u00fdch plod\u016f a osv\u011b\u017een nejen ovocem, ale i z\u00e1\u017eitky op\u011bt vyrazil na cestu nap\u0159\u00ed\u010d Austr\u00e1li\u00ed.<\/p>\n","protected":false},"featured_media":8096,"template":"","meta":[],"product_cat":[52],"product_tag":[80,82,108,107,513,208,583,222,221,587,246,345,347,250,352,249,527,588,344,586,585,207,286,247,309,584,245,304,390,525,526,523,524,529,528,520,336,301,349,348,81,79],"_links":{"self":[{"href":"https:\/\/www.dekorativnifotografie.cz\/dekorativnifoto\/wp-json\/wp\/v2\/product\/8066"}],"collection":[{"href":"https:\/\/www.dekorativnifotografie.cz\/dekorativnifoto\/wp-json\/wp\/v2\/product"}],"about":[{"href":"https:\/\/www.dekorativnifotografie.cz\/dekorativnifoto\/wp-json\/wp\/v2\/types\/product"}],"wp:featuredmedia":[{"embeddable":true,"href":"https:\/\/www.dekorativnifotografie.cz\/dekorativnifoto\/wp-json\/wp\/v2\/media\/8096"}],"wp:attachment":[{"href":"https:\/\/www.dekorativnifotografie.cz\/dekorativnifoto\/wp-json\/wp\/v2\/media?parent=8066"}],"wp:term":[{"taxonomy":"product_cat","embeddable":true,"href":"https:\/\/www.dekorativnifotografie.cz\/dekorativnifoto\/wp-json\/wp\/v2\/product_cat?post=8066"},{"taxonomy":"product_tag","embeddable":true,"href":"https:\/\/www.dekorativnifotografie.cz\/dekorativnifoto\/wp-json\/wp\/v2\/product_tag?post=8066"}],"curies":[{"name":"wp","href":"https:\/\/api.w.org\/{rel}","templated":true}]}}