{"id":7994,"date":"2020-09-23T09:17:44","date_gmt":"2020-09-23T07:17:44","guid":{"rendered":"https:\/\/www.dekorativnifotografie.cz\/dekorativnifoto\/?post_type=product&#038;p=7994"},"modified":"2020-12-04T09:23:53","modified_gmt":"2020-12-04T08:23:53","slug":"rain-forest-fraser-island-australia","status":"publish","type":"product","link":"https:\/\/www.dekorativnifotografie.cz\/dekorativnifoto\/obchod\/krajiny\/rain-forest-fraser-island-australia\/","title":{"rendered":"Rain Forest, Fraser Island, Australia"},"content":{"rendered":"<p style=\"text-align: center;\">Ka\u017ed\u00e1 fotografie je opat\u0159ena certifika\u010dn\u00edm \u0161t\u00edtkem s n\u00e1zvem, s\u00e9riov\u00fdm \u010d\u00edslem a origin\u00e1ln\u00edm podpisem autora. Fotografie jsou ti\u0161t\u011bny v maxim\u00e1ln\u00ed limitovan\u00e9 \u0159ad\u011b 200 ks. Ka\u017edou z nab\u00edzen\u00fdch fotografi\u00ed je mo\u017en\u00e9 objednat tak\u00e9 v jin\u00fdch rozm\u011brech, v barevn\u00e9, \u010di \u010dernob\u00edl\u00e9 variant\u011b.<\/p>\n","protected":false},"excerpt":{"rendered":"<p>Australsk\u00fd Fraser Island je nejv\u011bt\u0161\u00edm p\u00edse\u010dn\u00fdm ostrov\u011b sv\u011bta. M\u00e1 v\u0161ak je\u0161t\u011b jedno nej, Na jeho p\u00edse\u010dn\u00e9m podlo\u017e\u00ed toti\u017e roste de\u0161tn\u00fd prales, kter\u00fd je d\u00edky tomu opravdu jedine\u010dn\u00fd. Co m\u00e1m na tropick\u00fdch de\u0161tn\u00fdch les\u00edch r\u00e1d, a\u0165 u\u017e se jedn\u00e1 o Amazonii nebo t\u0159eba tento na ostrov\u011b Fraser, je jejich sv\u011b\u017eest, pu\u010d\u00edc\u00ed \u017eivot\u00a0 a uklid\u0148uj\u00edc\u00ed energie. Pevn\u011b v\u011b\u0159\u00edm, \u017ee tato atmosf\u00e9ra na v\u00e1s d\u00fdchne i z obraz\u016f. A\u0165 u\u017e byste si tento motiv pov\u011bsili t\u0159eba do koupelny, ob\u00fdvac\u00edho pokoje nebo t\u0159eba pro uklidn\u011bn\u00ed va\u0161ich ratolest\u00ed.<\/p>\n","protected":false},"featured_media":9079,"template":"","meta":[],"product_cat":[49],"product_tag":[248,97,577,312,574,210,98,268,269,463,287,569,172,171,244,575,95,253,568,96,304,390,576,335,464,209],"_links":{"self":[{"href":"https:\/\/www.dekorativnifotografie.cz\/dekorativnifoto\/wp-json\/wp\/v2\/product\/7994"}],"collection":[{"href":"https:\/\/www.dekorativnifotografie.cz\/dekorativnifoto\/wp-json\/wp\/v2\/product"}],"about":[{"href":"https:\/\/www.dekorativnifotografie.cz\/dekorativnifoto\/wp-json\/wp\/v2\/types\/product"}],"wp:featuredmedia":[{"embeddable":true,"href":"https:\/\/www.dekorativnifotografie.cz\/dekorativnifoto\/wp-json\/wp\/v2\/media\/9079"}],"wp:attachment":[{"href":"https:\/\/www.dekorativnifotografie.cz\/dekorativnifoto\/wp-json\/wp\/v2\/media?parent=7994"}],"wp:term":[{"taxonomy":"product_cat","embeddable":true,"href":"https:\/\/www.dekorativnifotografie.cz\/dekorativnifoto\/wp-json\/wp\/v2\/product_cat?post=7994"},{"taxonomy":"product_tag","embeddable":true,"href":"https:\/\/www.dekorativnifotografie.cz\/dekorativnifoto\/wp-json\/wp\/v2\/product_tag?post=7994"}],"curies":[{"name":"wp","href":"https:\/\/api.w.org\/{rel}","templated":true}]}}