{"id":7809,"date":"2020-09-22T10:24:15","date_gmt":"2020-09-22T08:24:15","guid":{"rendered":"https:\/\/www.dekorativnifotografie.cz\/dekorativnifoto\/?post_type=product&#038;p=7809"},"modified":"2020-12-29T11:25:20","modified_gmt":"2020-12-29T10:25:20","slug":"elis-beach-ii-australia","status":"publish","type":"product","link":"https:\/\/www.dekorativnifotografie.cz\/dekorativnifoto\/obchod\/krajiny\/elis-beach-ii-australia\/","title":{"rendered":"Elis Beach II, Australia"},"content":{"rendered":"<p style=\"text-align: center;\">Ka\u017ed\u00e1 fotografie je opat\u0159ena certifika\u010dn\u00edm \u0161t\u00edtkem s n\u00e1zvem, s\u00e9riov\u00fdm \u010d\u00edslem a origin\u00e1ln\u00edm podpisem autora. Fotografie jsou ti\u0161t\u011bny v maxim\u00e1ln\u00ed limitovan\u00e9 \u0159ad\u011b 200 ks. Ka\u017edou z nab\u00edzen\u00fdch fotografi\u00ed je mo\u017en\u00e9 objednat tak\u00e9 v jin\u00fdch rozm\u011brech, v barevn\u00e9, \u010di \u010dernob\u00edl\u00e9 variant\u011b.<\/p>\n","protected":false},"excerpt":{"rendered":"<p>Zav\u0159ete na chv\u00edli o\u010di a p\u0159edstavte si, \u017ee jste na pl\u00e1\u017ei. C\u00edt\u00edte, jak se va\u0161e bos\u00e9 nohy bo\u0159\u00ed do vyh\u0159\u00e1t\u00e9ho b\u00edl\u00e9ho p\u00edsku, sly\u0161\u00edte \u0161um\u011bj\u00edc\u00ed oce\u00e1n a vn\u00edm\u00e1te jeho p\u0159ekr\u00e1snou azurovou barvu. C\u00edt\u00edte sv\u011b\u017eest p\u0159\u00edrody a je v\u00e1m po cel\u00e9m t\u011ble moc hezky. Jak moc r\u00e1d bych se te\u010f znovu proch\u00e1zel t\u0159eba pr\u00e1v\u011b po australsk\u00e9 Elis Beach doopravdy!<\/p>\n<p>&nbsp;<\/p>\n","protected":false},"featured_media":7843,"template":"","meta":[],"product_cat":[49],"product_tag":[226,107,513,174,176,208,248,509,210,512,511,246,207,181,183,185,184,286,247,506,507,505,173,175,508,245,510,261,304,305,182,336,301,299,310,300,209],"_links":{"self":[{"href":"https:\/\/www.dekorativnifotografie.cz\/dekorativnifoto\/wp-json\/wp\/v2\/product\/7809"}],"collection":[{"href":"https:\/\/www.dekorativnifotografie.cz\/dekorativnifoto\/wp-json\/wp\/v2\/product"}],"about":[{"href":"https:\/\/www.dekorativnifotografie.cz\/dekorativnifoto\/wp-json\/wp\/v2\/types\/product"}],"wp:featuredmedia":[{"embeddable":true,"href":"https:\/\/www.dekorativnifotografie.cz\/dekorativnifoto\/wp-json\/wp\/v2\/media\/7843"}],"wp:attachment":[{"href":"https:\/\/www.dekorativnifotografie.cz\/dekorativnifoto\/wp-json\/wp\/v2\/media?parent=7809"}],"wp:term":[{"taxonomy":"product_cat","embeddable":true,"href":"https:\/\/www.dekorativnifotografie.cz\/dekorativnifoto\/wp-json\/wp\/v2\/product_cat?post=7809"},{"taxonomy":"product_tag","embeddable":true,"href":"https:\/\/www.dekorativnifotografie.cz\/dekorativnifoto\/wp-json\/wp\/v2\/product_tag?post=7809"}],"curies":[{"name":"wp","href":"https:\/\/api.w.org\/{rel}","templated":true}]}}