{"id":7657,"date":"2020-09-18T13:09:05","date_gmt":"2020-09-18T11:09:05","guid":{"rendered":"https:\/\/www.dekorativnifotografie.cz\/dekorativnifoto\/?post_type=product&#038;p=7657"},"modified":"2021-02-17T13:42:37","modified_gmt":"2021-02-17T12:42:37","slug":"marry-river-from-the-bank","status":"publish","type":"product","link":"https:\/\/www.dekorativnifotografie.cz\/dekorativnifoto\/obchod\/krajiny\/marry-river-from-the-bank\/","title":{"rendered":"Marry River From The Bank, Australia"},"content":{"rendered":"<p style=\"text-align: center;\">Ka\u017ed\u00e1 fotografie je opat\u0159ena certifika\u010dn\u00edm \u0161t\u00edtkem s n\u00e1zvem, s\u00e9riov\u00fdm \u010d\u00edslem a origin\u00e1ln\u00edm podpisem autora. Fotografie jsou ti\u0161t\u011bny v maxim\u00e1ln\u00ed limitovan\u00e9 \u0159ad\u011b 200 ks. Ka\u017edou z nab\u00edzen\u00fdch fotografi\u00ed je mo\u017en\u00e9 objednat tak\u00e9 v jin\u00fdch rozm\u011brech, v barevn\u00e9, \u010di \u010dernob\u00edl\u00e9 variant\u011b.<\/p>\n","protected":false},"excerpt":{"rendered":"<p>To je tak, kdy\u017e v noci zakempujete kdesi v Austr\u00e1lii u b\u0159eh\u016f \u0159eky Marry a pro samou tmu vlastn\u011b ani nev\u00edte, co kolem v\u00e1s je. A pak se r\u00e1no vzbud\u00edte, prot\u00e1hnete se a rychle mus\u00edte vyt\u00e1hnout fo\u0165\u00e1k, proto\u017ee ten v\u00fdchod slunce prost\u011b stoj\u00ed za to! A p\u0159esn\u011b takov\u00e9 r\u00e1no bylo, kdy\u017e jsem fotil tuhle fotku. Uva\u0159il jsem si k\u00e1vu a je\u0161t\u011b dobrou p\u016flhodinku se kochal klidem a p\u0159en\u00e1dherou v\u0161ude kolem m\u011b. Klid, harmonie a sv\u011b\u017e\u00ed rann\u00ed energie &#8211; p\u0159esn\u011b to na m\u011b s\u00e1l\u00e1 p\u0159i ka\u017ed\u00e9m pohledu na v\u00fdchod slunce u b\u0159ehu \u0159eky Marry<\/p>\n","protected":false},"featured_media":7692,"template":"","meta":[],"product_cat":[49],"product_tag":[544,108,107,288,406,268,462,269,463,287,256,244,302,303,365,392,366,393,199,545,299,300,198],"_links":{"self":[{"href":"https:\/\/www.dekorativnifotografie.cz\/dekorativnifoto\/wp-json\/wp\/v2\/product\/7657"}],"collection":[{"href":"https:\/\/www.dekorativnifotografie.cz\/dekorativnifoto\/wp-json\/wp\/v2\/product"}],"about":[{"href":"https:\/\/www.dekorativnifotografie.cz\/dekorativnifoto\/wp-json\/wp\/v2\/types\/product"}],"wp:featuredmedia":[{"embeddable":true,"href":"https:\/\/www.dekorativnifotografie.cz\/dekorativnifoto\/wp-json\/wp\/v2\/media\/7692"}],"wp:attachment":[{"href":"https:\/\/www.dekorativnifotografie.cz\/dekorativnifoto\/wp-json\/wp\/v2\/media?parent=7657"}],"wp:term":[{"taxonomy":"product_cat","embeddable":true,"href":"https:\/\/www.dekorativnifotografie.cz\/dekorativnifoto\/wp-json\/wp\/v2\/product_cat?post=7657"},{"taxonomy":"product_tag","embeddable":true,"href":"https:\/\/www.dekorativnifotografie.cz\/dekorativnifoto\/wp-json\/wp\/v2\/product_tag?post=7657"}],"curies":[{"name":"wp","href":"https:\/\/api.w.org\/{rel}","templated":true}]}}