{"id":7620,"date":"2020-09-18T13:01:00","date_gmt":"2020-09-18T11:01:00","guid":{"rendered":"https:\/\/www.dekorativnifotografie.cz\/dekorativnifoto\/?post_type=product&#038;p=7620"},"modified":"2021-02-18T10:57:48","modified_gmt":"2021-02-18T09:57:48","slug":"nosy-mangabe-island-madagascar","status":"publish","type":"product","link":"https:\/\/www.dekorativnifotografie.cz\/dekorativnifoto\/obchod\/krajiny\/nosy-mangabe-island-madagascar\/","title":{"rendered":"Nosy Mangabe Island, Madagascar"},"content":{"rendered":"<p style=\"text-align: center;\">Ka\u017ed\u00e1 fotografie je opat\u0159ena certifika\u010dn\u00edm \u0161t\u00edtkem s n\u00e1zvem, s\u00e9riov\u00fdm \u010d\u00edslem a origin\u00e1ln\u00edm podpisem autora. Fotografie jsou ti\u0161t\u011bny v maxim\u00e1ln\u00ed limitovan\u00e9 \u0159ad\u011b 200 ks. Ka\u017edou z nab\u00edzen\u00fdch fotografi\u00ed je mo\u017en\u00e9 objednat tak\u00e9 v jin\u00fdch rozm\u011brech, v barevn\u00e9, \u010di \u010dernob\u00edl\u00e9 variant\u011b.<\/p>\n","protected":false},"excerpt":{"rendered":"<p>Cestu na tento \u00fachvatn\u00fd madagaskarsk\u00fd ostrov nikdy nezapomenu. Byla toti\u017e pln\u00e1 dobrodru\u017estv\u00ed. U\u017e v p\u016fj\u010dovn\u011b aut mi pan\u00ed \u0159\u00edkala, \u017ee cestu po v\u00fdchodn\u00edm pob\u0159e\u017e\u00ed Madagaskaru neprojedu. V tu chv\u00edli se v\u0161ak pro m\u011b stala je\u0161t\u011b v\u011bt\u0161\u00ed v\u00fdzvou. Pan\u00ed m\u011bla pravdu v jedn\u00e9 v\u011bci, cesta to byla \u0161\u00edlen\u00e1. V j\u00edlovit\u00e9m rozm\u00e1\u010den\u00e9m ter\u00e9nu jsem se zahrabal n\u011bkolikr\u00e1t. Cesta byla tak\u00e9 pln\u00e1 p\u0159\u00edvoz\u016f, z nich\u017e mnoh\u00e9 byly pouhopouh\u00e9 bambusov\u00e9 vory. Zdol\u00e1val jsme nes\u010detn\u00e9 mno\u017estv\u00ed d\u0159ev\u011bn\u00fdch most\u016f, za jejich\u017e stav bych ruku do ohn\u011b rozhodn\u011b nedal. Jednu noc jsem dokonce p\u0159espali v \u010darod\u011bjn\u00e9 vesnici, nebo se to o n\u00ed alespo\u0148 \u0159\u00edk\u00e1. Na v\u00fdprav\u00e1ch dost \u010dasto b\u00fdv\u00e1 i cesta c\u00edlem. Nosy Mangabe pak u\u017e vlastn\u011b byl rajskou t\u0159e\u0161ni\u010dkou! Za tu fotku to v\u0161ak v\u0161echno st\u00e1lo. Co mysl\u00edte vy? Do jak\u00e9ho interi\u00e9ru byste tento motiv um\u00edstili?<\/p>\n","protected":false},"featured_media":7621,"template":"","meta":[],"product_cat":[49],"product_tag":[468,469,174,176,208,210,541,246,268,462,269,463,287,256,467,466,207,181,540,244,183,204,206,542,543,173,175,508,302,303,261,182,209],"_links":{"self":[{"href":"https:\/\/www.dekorativnifotografie.cz\/dekorativnifoto\/wp-json\/wp\/v2\/product\/7620"}],"collection":[{"href":"https:\/\/www.dekorativnifotografie.cz\/dekorativnifoto\/wp-json\/wp\/v2\/product"}],"about":[{"href":"https:\/\/www.dekorativnifotografie.cz\/dekorativnifoto\/wp-json\/wp\/v2\/types\/product"}],"wp:featuredmedia":[{"embeddable":true,"href":"https:\/\/www.dekorativnifotografie.cz\/dekorativnifoto\/wp-json\/wp\/v2\/media\/7621"}],"wp:attachment":[{"href":"https:\/\/www.dekorativnifotografie.cz\/dekorativnifoto\/wp-json\/wp\/v2\/media?parent=7620"}],"wp:term":[{"taxonomy":"product_cat","embeddable":true,"href":"https:\/\/www.dekorativnifotografie.cz\/dekorativnifoto\/wp-json\/wp\/v2\/product_cat?post=7620"},{"taxonomy":"product_tag","embeddable":true,"href":"https:\/\/www.dekorativnifotografie.cz\/dekorativnifoto\/wp-json\/wp\/v2\/product_tag?post=7620"}],"curies":[{"name":"wp","href":"https:\/\/api.w.org\/{rel}","templated":true}]}}