{"id":7512,"date":"2020-09-18T11:53:17","date_gmt":"2020-09-18T09:53:17","guid":{"rendered":"https:\/\/www.dekorativnifotografie.cz\/dekorativnifoto\/?post_type=product&#038;p=7512"},"modified":"2021-02-18T14:14:04","modified_gmt":"2021-02-18T13:14:04","slug":"blue-morpho-butterfly-amazonia-brazil","status":"publish","type":"product","link":"https:\/\/www.dekorativnifotografie.cz\/dekorativnifoto\/obchod\/zvirata\/blue-morpho-butterfly-amazonia-brazil\/","title":{"rendered":"Blue Morpho Butterfly, Amazonia, Brazil"},"content":{"rendered":"<p style=\"text-align: center;\">Ka\u017ed\u00e1 fotografie je opat\u0159ena certifika\u010dn\u00edm \u0161t\u00edtkem s n\u00e1zvem, s\u00e9riov\u00fdm \u010d\u00edslem a origin\u00e1ln\u00edm podpisem autora. Fotografie jsou ti\u0161t\u011bny v maxim\u00e1ln\u00ed limitovan\u00e9 \u0159ad\u011b 200 ks. Ka\u017edou z nab\u00edzen\u00fdch fotografi\u00ed je mo\u017en\u00e9 objednat tak\u00e9 v jin\u00fdch rozm\u011brech, v barevn\u00e9, \u010di \u010dernob\u00edl\u00e9 variant\u011b.<\/p>\n","protected":false},"excerpt":{"rendered":"<p>Amazonsk\u00fd de\u0161tn\u00fd prales je pokladnic\u00ed p\u0159\u00edrodn\u00edho bohatstv\u00ed na\u0161\u00ed planety. Mot\u00fdl morpho je pova\u017eov\u00e1n za jednoho z nejkr\u00e1sn\u011bj\u0161\u00edch mot\u00fdl\u016f planety. Jeho blankytn\u011b modr\u00e1 k\u0159\u00eddla u\u010daruj\u00ed pohled ka\u017ed\u00e9ho, kdo jej uprost\u0159ed nezkrotn\u00e9 d\u017eungle spat\u0159\u00ed. Jsem o tom p\u0159esv\u011bd\u010den. Stejn\u011b jako zakopan\u00fd poklad, hled\u00e1 se v prales\u00edch Ji\u017en\u00ed Ameriky morpho stejn\u011b obt\u00ed\u017en\u011b. A\u010dkoliv jsem nav\u0161t\u00edvil Amazonii opakovan\u011b, tohoto n\u00e1dhern\u00e9ho mot\u00fdla jsem spat\u0159il pouze jednou. O to v\u00edc si tohoto setk\u00e1n\u00ed cen\u00edm.<\/p>\n","protected":false},"featured_media":7542,"template":"","meta":[],"product_cat":[51],"product_tag":[480,479,80,82,208,188,38,537,539,248,243,210,189,246,250,249,207,536,538,286,245,302,303,190,336,209,81,79],"_links":{"self":[{"href":"https:\/\/www.dekorativnifotografie.cz\/dekorativnifoto\/wp-json\/wp\/v2\/product\/7512"}],"collection":[{"href":"https:\/\/www.dekorativnifotografie.cz\/dekorativnifoto\/wp-json\/wp\/v2\/product"}],"about":[{"href":"https:\/\/www.dekorativnifotografie.cz\/dekorativnifoto\/wp-json\/wp\/v2\/types\/product"}],"wp:featuredmedia":[{"embeddable":true,"href":"https:\/\/www.dekorativnifotografie.cz\/dekorativnifoto\/wp-json\/wp\/v2\/media\/7542"}],"wp:attachment":[{"href":"https:\/\/www.dekorativnifotografie.cz\/dekorativnifoto\/wp-json\/wp\/v2\/media?parent=7512"}],"wp:term":[{"taxonomy":"product_cat","embeddable":true,"href":"https:\/\/www.dekorativnifotografie.cz\/dekorativnifoto\/wp-json\/wp\/v2\/product_cat?post=7512"},{"taxonomy":"product_tag","embeddable":true,"href":"https:\/\/www.dekorativnifotografie.cz\/dekorativnifoto\/wp-json\/wp\/v2\/product_tag?post=7512"}],"curies":[{"name":"wp","href":"https:\/\/api.w.org\/{rel}","templated":true}]}}