{"id":7401,"date":"2020-09-18T09:44:58","date_gmt":"2020-09-18T07:44:58","guid":{"rendered":"https:\/\/www.dekorativnifotografie.cz\/dekorativnifoto\/?post_type=product&#038;p=7401"},"modified":"2021-02-18T14:26:19","modified_gmt":"2021-02-18T13:26:19","slug":"uluru-australia","status":"publish","type":"product","link":"https:\/\/www.dekorativnifotografie.cz\/dekorativnifoto\/obchod\/nezarazene\/uluru-australia\/","title":{"rendered":"Uluru, Australia"},"content":{"rendered":"<p style=\"text-align: center;\">Ka\u017ed\u00e1 fotografie je opat\u0159ena certifika\u010dn\u00edm \u0161t\u00edtkem s n\u00e1zvem, s\u00e9riov\u00fdm \u010d\u00edslem a origin\u00e1ln\u00edm podpisem autora. Fotografie jsou ti\u0161t\u011bny v maxim\u00e1ln\u00ed limitovan\u00e9 \u0159ad\u011b 200 ks. Ka\u017edou z nab\u00edzen\u00fdch fotografi\u00ed je mo\u017en\u00e9 objednat tak\u00e9 v jin\u00fdch rozm\u011brech, v barevn\u00e9, \u010di \u010dernob\u00edl\u00e9 variant\u011b.<\/p>\n","protected":false},"excerpt":{"rendered":"<p>Uluru je jedine\u010dn\u00fdm monolitem, kter\u00fd je z\u00e1rove\u0148 druh\u00fdm nejv\u011bt\u0161\u00edm monolitem sv\u011bta. Vyp\u00edn\u00e1 se do v\u00fd\u0161ky 348 metr\u016f nad okoln\u00ed pou\u0161\u0165. Kolonist\u00e9 ho v 19. stolet\u00ed pojmenovali Ayersova sk\u00e1la, podle tehdej\u0161\u00edho ministersk\u00e9ho p\u0159edsedy, ale domorodci kmene Pitjantjantjara mu u\u017e d\u00e1vno p\u0159ed t\u00edm dali sv\u00e9 vlastn\u00ed mystick\u00e9 jm\u00e9no &#8211; Uluru, co\u017e v p\u0159ekladu znamen\u00e1 M\u00edsto d\u00e1vaj\u00edc\u00ed st\u00edn.\u00a0 \u010cerven\u00e9 zbarven\u00ed Uluru je d\u00e1no oxidac\u00ed slo\u017eek obsahuj\u00edc\u00edch \u017eelezo. P\u0159i n\u00e1v\u0161t\u011bv\u011b Austr\u00e1lie je n\u00e1v\u0161t\u011bva tohoto symbolu p\u00e1t\u00e9ho kontinentu t\u00e9m\u011b\u0159 povinnost\u00ed. Monolit je ve skute\u010dnosti opravdu monument\u00e1ln\u00ed.<\/p>\n","protected":false},"featured_media":7429,"template":"","meta":[],"product_cat":[27],"product_tag":[108,107,378,377,208,248,202,311,287,207,383,244,185,184,389,253,205,380,382,379,381,376,310],"_links":{"self":[{"href":"https:\/\/www.dekorativnifotografie.cz\/dekorativnifoto\/wp-json\/wp\/v2\/product\/7401"}],"collection":[{"href":"https:\/\/www.dekorativnifotografie.cz\/dekorativnifoto\/wp-json\/wp\/v2\/product"}],"about":[{"href":"https:\/\/www.dekorativnifotografie.cz\/dekorativnifoto\/wp-json\/wp\/v2\/types\/product"}],"wp:featuredmedia":[{"embeddable":true,"href":"https:\/\/www.dekorativnifotografie.cz\/dekorativnifoto\/wp-json\/wp\/v2\/media\/7429"}],"wp:attachment":[{"href":"https:\/\/www.dekorativnifotografie.cz\/dekorativnifoto\/wp-json\/wp\/v2\/media?parent=7401"}],"wp:term":[{"taxonomy":"product_cat","embeddable":true,"href":"https:\/\/www.dekorativnifotografie.cz\/dekorativnifoto\/wp-json\/wp\/v2\/product_cat?post=7401"},{"taxonomy":"product_tag","embeddable":true,"href":"https:\/\/www.dekorativnifotografie.cz\/dekorativnifoto\/wp-json\/wp\/v2\/product_tag?post=7401"}],"curies":[{"name":"wp","href":"https:\/\/api.w.org\/{rel}","templated":true}]}}