{"id":7292,"date":"2020-09-18T08:58:49","date_gmt":"2020-09-18T06:58:49","guid":{"rendered":"https:\/\/www.dekorativnifotografie.cz\/dekorativnifoto\/?post_type=product&#038;p=7292"},"modified":"2021-02-18T14:32:06","modified_gmt":"2021-02-18T13:32:06","slug":"sisters-quilotoa-loop-ecuador","status":"publish","type":"product","link":"https:\/\/www.dekorativnifotografie.cz\/dekorativnifoto\/obchod\/portrety\/sisters-quilotoa-loop-ecuador\/","title":{"rendered":"Sisters, Quilotoa Loop, Ecuador"},"content":{"rendered":"<p style=\"text-align: center;\">Ka\u017ed\u00e1 fotografie je opat\u0159ena certifika\u010dn\u00edm \u0161t\u00edtkem s n\u00e1zvem, s\u00e9riov\u00fdm \u010d\u00edslem a origin\u00e1ln\u00edm podpisem autora. Fotografie jsou ti\u0161t\u011bny v maxim\u00e1ln\u00ed limitovan\u00e9 \u0159ad\u011b 200 ks. Ka\u017edou z nab\u00edzen\u00fdch fotografi\u00ed je mo\u017en\u00e9 objednat tak\u00e9 v jin\u00fdch rozm\u011brech,<br \/>\nv barevn\u00e9, \u010di \u010dernob\u00edl\u00e9 variant\u011b.<\/p>\n","protected":false},"excerpt":{"rendered":"<p>Fotil jsem kalderov\u00e9 jezero Quilotoa Loop a st\u00e1le jsem n\u011bkde za mnou sly\u0161el hihot\u00e1n\u00ed. Po chv\u00edli mi to nedalo, oto\u010dil jsem se a kousek ode mne st\u00e1ly dv\u011b kr\u00e1sn\u00e9 d\u00edvky. Jedna docela mali\u010dk\u00e1, asi semdilet\u00e1 hol\u010di\u010dka se dr\u017eela za ruku sv\u00e9 patn\u00e1ctilet\u00e9 sestry a s \u00fasm\u011bvem na tv\u00e1\u0159i m\u011b pozorovaly p\u0159i pr\u00e1ci. K\u00fdvnul jsem na pozdrav a zeptal se, jestli si m\u016f\u017eu po\u0159\u00eddit jejich portr\u00e9t. Souhlasili a k m\u00e9mu p\u0159ekvapen\u00ed zareagovali na fo\u0165\u00e1k se samoz\u0159ejmou p\u0159irozenost\u00ed. Jako by to byly ost\u0159\u00edlen\u00e9 fotomodelky, kter\u00e9 p\u0159ed fo\u0165\u00e1kem stoj\u00ed dennodenn\u011b. Nestoj\u00ed! Nicm\u00e9n\u011b d\u00edky jejich bezprost\u0159ednosti m\u00e1m na fotografii zaznamenanou opravdovou sesterskou l\u00e1sku. L\u00e1ska je!<\/p>\n","protected":false},"featured_media":7322,"template":"","meta":[],"product_cat":[50],"product_tag":[504,248,503,425,120,119,500,501,426,210,502,189,246,306,497,496,286,247,72,71,245,495,211,498,499,190,336,301,260,486,310],"_links":{"self":[{"href":"https:\/\/www.dekorativnifotografie.cz\/dekorativnifoto\/wp-json\/wp\/v2\/product\/7292"}],"collection":[{"href":"https:\/\/www.dekorativnifotografie.cz\/dekorativnifoto\/wp-json\/wp\/v2\/product"}],"about":[{"href":"https:\/\/www.dekorativnifotografie.cz\/dekorativnifoto\/wp-json\/wp\/v2\/types\/product"}],"wp:featuredmedia":[{"embeddable":true,"href":"https:\/\/www.dekorativnifotografie.cz\/dekorativnifoto\/wp-json\/wp\/v2\/media\/7322"}],"wp:attachment":[{"href":"https:\/\/www.dekorativnifotografie.cz\/dekorativnifoto\/wp-json\/wp\/v2\/media?parent=7292"}],"wp:term":[{"taxonomy":"product_cat","embeddable":true,"href":"https:\/\/www.dekorativnifotografie.cz\/dekorativnifoto\/wp-json\/wp\/v2\/product_cat?post=7292"},{"taxonomy":"product_tag","embeddable":true,"href":"https:\/\/www.dekorativnifotografie.cz\/dekorativnifoto\/wp-json\/wp\/v2\/product_tag?post=7292"}],"curies":[{"name":"wp","href":"https:\/\/api.w.org\/{rel}","templated":true}]}}