{"id":7211,"date":"2020-09-17T13:41:16","date_gmt":"2020-09-17T11:41:16","guid":{"rendered":"https:\/\/www.dekorativnifotografie.cz\/dekorativnifoto\/?post_type=product&#038;p=7211"},"modified":"2021-11-24T11:50:20","modified_gmt":"2021-11-24T10:50:20","slug":"legong-dancers-bali-indonesia","status":"publish","type":"product","link":"https:\/\/www.dekorativnifotografie.cz\/dekorativnifoto\/obchod\/portrety\/legong-dancers-bali-indonesia\/","title":{"rendered":"Legong Dancers II, Bali, Indonesia"},"content":{"rendered":"<p style=\"text-align: center;\">Ka\u017ed\u00e1 fotografie je opat\u0159ena certifika\u010dn\u00edm \u0161t\u00edtkem s n\u00e1zvem, s\u00e9riov\u00fdm \u010d\u00edslem a origin\u00e1ln\u00edm podpisem autora. Fotografie jsou ti\u0161t\u011bny v maxim\u00e1ln\u00ed limitovan\u00e9 \u0159ad\u011b 200 ks. Ka\u017edou z nab\u00edzen\u00fdch fotografi\u00ed je mo\u017en\u00e9 objednat tak\u00e9 v jin\u00fdch rozm\u011brech, v barevn\u00e9, \u010di \u010dernob\u00edl\u00e9 variant\u011b.<\/p>\n","protected":false},"excerpt":{"rendered":"<p>Ostrov Bali, i kdy\u017e to mo\u017en\u00e1 na prvn\u00ed pohled n\u00e1v\u0161t\u011bvn\u00edka tak nevypad\u00e1, je m\u00edstem neskonal\u00e9ho klidu, m\u00edru, \u00fasm\u011bv\u016f, tolerance a vst\u0159\u00edcnosti. Aby \u010dlov\u011bk Bali spr\u00e1vn\u011b pochopil, mus\u00ed se na toto m\u00edsto pod\u00edvat z trochu jin\u00e9ho \u00fahlu pohledu, o\u010dima m\u00edstn\u00edch obyvatel. \u017divot, tradice a zvyky na Bali vych\u00e1z\u00ed p\u0159edev\u0161\u00edm z pestr\u00e9 balijsk\u00e9 kultury a v\u0161udyp\u0159\u00edtomn\u00e9 \u00facty domorodc\u016f k mnoha boh\u016fm, kte\u0159\u00ed ovl\u00e1daj\u00ed tam\u011bj\u0161\u00ed sv\u011bt. Balijsk\u00fdm boh\u016fm a d\u00e9mon\u016fm pat\u0159\u00ed i mnoh\u00e9 zdej\u0161\u00ed tance.<\/p>\n","protected":false},"featured_media":7247,"template":"","meta":[],"product_cat":[52,50],"product_tag":[94,93,128,213,399,279,417,280,248,398,278,141,434,436,437,485,418,61,60,257,482,246,140,432,287,481,286,247,301,484,433,435,260,486,310,214,483],"_links":{"self":[{"href":"https:\/\/www.dekorativnifotografie.cz\/dekorativnifoto\/wp-json\/wp\/v2\/product\/7211"}],"collection":[{"href":"https:\/\/www.dekorativnifotografie.cz\/dekorativnifoto\/wp-json\/wp\/v2\/product"}],"about":[{"href":"https:\/\/www.dekorativnifotografie.cz\/dekorativnifoto\/wp-json\/wp\/v2\/types\/product"}],"wp:featuredmedia":[{"embeddable":true,"href":"https:\/\/www.dekorativnifotografie.cz\/dekorativnifoto\/wp-json\/wp\/v2\/media\/7247"}],"wp:attachment":[{"href":"https:\/\/www.dekorativnifotografie.cz\/dekorativnifoto\/wp-json\/wp\/v2\/media?parent=7211"}],"wp:term":[{"taxonomy":"product_cat","embeddable":true,"href":"https:\/\/www.dekorativnifotografie.cz\/dekorativnifoto\/wp-json\/wp\/v2\/product_cat?post=7211"},{"taxonomy":"product_tag","embeddable":true,"href":"https:\/\/www.dekorativnifotografie.cz\/dekorativnifoto\/wp-json\/wp\/v2\/product_tag?post=7211"}],"curies":[{"name":"wp","href":"https:\/\/api.w.org\/{rel}","templated":true}]}}