{"id":7136,"date":"2020-09-17T11:35:47","date_gmt":"2020-09-17T09:35:47","guid":{"rendered":"https:\/\/www.dekorativnifotografie.cz\/dekorativnifoto\/?post_type=product&#038;p=7136"},"modified":"2021-02-22T10:54:26","modified_gmt":"2021-02-22T09:54:26","slug":"jembong-waterfall-bali-indonesia","status":"publish","type":"product","link":"https:\/\/www.dekorativnifotografie.cz\/dekorativnifoto\/obchod\/krajiny\/jembong-waterfall-bali-indonesia\/","title":{"rendered":"Jembong Waterfall, Bali, Indonesia"},"content":{"rendered":"<p style=\"text-align: center;\">Ka\u017ed\u00e1 fotografie je opat\u0159ena certifika\u010dn\u00edm \u0161t\u00edtkem s n\u00e1zvem, s\u00e9riov\u00fdm \u010d\u00edslem a origin\u00e1ln\u00edm podpisem autora. Fotografie jsou ti\u0161t\u011bny v maxim\u00e1ln\u00ed limitovan\u00e9 \u0159ad\u011b 200 ks. Ka\u017edou z nab\u00edzen\u00fdch fotografi\u00ed je mo\u017en\u00e9 objednat tak\u00e9 v jin\u00fdch rozm\u011brech, v barevn\u00e9, \u010di \u010dernob\u00edl\u00e9 variant\u011b.<\/p>\n","protected":false},"excerpt":{"rendered":"<p>P\u0159\u00edroda je tak kr\u00e1sn\u00e1 a uklid\u0148uj\u00edc\u00ed.\u00a0 Uv\u011bdom\u00edm si to v\u017edycky o to v\u00edc, kdy\u017e naraz\u00edm na jej\u00ed poklady ukryt\u00e9 t\u0159eba uprost\u0159ed tropick\u00e9ho pralesa. V klidu a nav\u00edc o samot\u011b jsem se u vodop\u00e1du Jembong zaposlouchal do zur\u010d\u00edc\u00ed vody i bzu\u010div\u00fdch zvuk\u016f d\u017eungle. P\u0159\u00edroda um\u00ed z\u00e1zraky nejen na Zemi ale i v du\u0161i a mysli. V\u011b\u0159\u00edm, \u017ee prost\u0159ednictv\u00edm pr\u00e1v\u011b t\u00e9to fotografie p\u0159ivedete klid a p\u0159\u00edrodn\u00ed z\u00e1zrak i do va\u0161eho interi\u00e9ru.<\/p>\n","protected":false},"featured_media":7137,"template":"","meta":[],"product_cat":[49],"product_tag":[94,93,288,373,213,248,97,210,61,60,474,98,246,353,268,462,269,463,287,256,244,286,247,95,96,304,305,301,299,475,464,300,476,214,209],"_links":{"self":[{"href":"https:\/\/www.dekorativnifotografie.cz\/dekorativnifoto\/wp-json\/wp\/v2\/product\/7136"}],"collection":[{"href":"https:\/\/www.dekorativnifotografie.cz\/dekorativnifoto\/wp-json\/wp\/v2\/product"}],"about":[{"href":"https:\/\/www.dekorativnifotografie.cz\/dekorativnifoto\/wp-json\/wp\/v2\/types\/product"}],"wp:featuredmedia":[{"embeddable":true,"href":"https:\/\/www.dekorativnifotografie.cz\/dekorativnifoto\/wp-json\/wp\/v2\/media\/7137"}],"wp:attachment":[{"href":"https:\/\/www.dekorativnifotografie.cz\/dekorativnifoto\/wp-json\/wp\/v2\/media?parent=7136"}],"wp:term":[{"taxonomy":"product_cat","embeddable":true,"href":"https:\/\/www.dekorativnifotografie.cz\/dekorativnifoto\/wp-json\/wp\/v2\/product_cat?post=7136"},{"taxonomy":"product_tag","embeddable":true,"href":"https:\/\/www.dekorativnifotografie.cz\/dekorativnifoto\/wp-json\/wp\/v2\/product_tag?post=7136"}],"curies":[{"name":"wp","href":"https:\/\/api.w.org\/{rel}","templated":true}]}}