{"id":7021,"date":"2020-09-17T09:23:55","date_gmt":"2020-09-17T07:23:55","guid":{"rendered":"https:\/\/www.dekorativnifotografie.cz\/dekorativnifoto\/?post_type=product&#038;p=7021"},"modified":"2021-02-22T11:20:42","modified_gmt":"2021-02-22T10:20:42","slug":"rice-field-bali-indonesia","status":"publish","type":"product","link":"https:\/\/www.dekorativnifotografie.cz\/dekorativnifoto\/obchod\/krajiny\/rice-field-bali-indonesia\/","title":{"rendered":"Rice Field, Bali, Indonesia"},"content":{"rendered":"<p style=\"text-align: center;\">Ka\u017ed\u00e1 fotografie je opat\u0159ena certifika\u010dn\u00edm \u0161t\u00edtkem s n\u00e1zvem, s\u00e9riov\u00fdm \u010d\u00edslem a origin\u00e1ln\u00edm podpisem autora. Fotografie jsou ti\u0161t\u011bny v maxim\u00e1ln\u00ed limitovan\u00e9 \u0159ad\u011b 200 ks. Ka\u017edou z nab\u00edzen\u00fdch fotografi\u00ed je mo\u017en\u00e9 objednat tak\u00e9 v jin\u00fdch rozm\u011brech, v barevn\u00e9, \u010di \u010dernob\u00edl\u00e9 variant\u011b.<\/p>\n","protected":false},"excerpt":{"rendered":"<p>Bali se za ta l\u00e9ta, kdy tento ostrov boh\u016f m\u00e1m tu \u010dest nav\u0161t\u011bvovat, stalo srdcovou z\u00e1le\u017eitost\u00ed. Tady relaxuji, zas a znovu objevuji nov\u00e1 z\u00e1kout\u00ed, \u017easnu nad usm\u011bvavost\u00ed m\u00edstn\u00edch lid\u00ed, u\u017e\u00edv\u00e1m si \u010derstv\u00e9ho exotick\u00e9ho ovoce a p\u0159edev\u0161\u00edm chod\u00edm fotit zdej\u0161\u00ed fotogenick\u00e9 scenerie, kter\u00e9 m\u011b snad nikdy neomrz\u00ed. Nikdy bych si tak\u00e9 nepomyslel, \u017ee t\u0159eba r\u00fd\u017eov\u00e1 pole terasovit\u00e9ho typu m\u016f\u017eou b\u00fdt tak kr\u00e1sn\u00e1 a dekorativn\u00ed.<\/p>\n","protected":false},"featured_media":7022,"template":"","meta":[],"product_cat":[49],"product_tag":[94,93,128,248,258,210,61,60,246,268,462,269,463,287,244,286,126,304,390,123,401,124,122,464,209],"_links":{"self":[{"href":"https:\/\/www.dekorativnifotografie.cz\/dekorativnifoto\/wp-json\/wp\/v2\/product\/7021"}],"collection":[{"href":"https:\/\/www.dekorativnifotografie.cz\/dekorativnifoto\/wp-json\/wp\/v2\/product"}],"about":[{"href":"https:\/\/www.dekorativnifotografie.cz\/dekorativnifoto\/wp-json\/wp\/v2\/types\/product"}],"wp:featuredmedia":[{"embeddable":true,"href":"https:\/\/www.dekorativnifotografie.cz\/dekorativnifoto\/wp-json\/wp\/v2\/media\/7022"}],"wp:attachment":[{"href":"https:\/\/www.dekorativnifotografie.cz\/dekorativnifoto\/wp-json\/wp\/v2\/media?parent=7021"}],"wp:term":[{"taxonomy":"product_cat","embeddable":true,"href":"https:\/\/www.dekorativnifotografie.cz\/dekorativnifoto\/wp-json\/wp\/v2\/product_cat?post=7021"},{"taxonomy":"product_tag","embeddable":true,"href":"https:\/\/www.dekorativnifotografie.cz\/dekorativnifoto\/wp-json\/wp\/v2\/product_tag?post=7021"}],"curies":[{"name":"wp","href":"https:\/\/api.w.org\/{rel}","templated":true}]}}