{"id":6127,"date":"2020-08-23T19:42:36","date_gmt":"2020-08-23T17:42:36","guid":{"rendered":"https:\/\/www.dekorativnifotografie.cz\/dekorativnifoto\/?post_type=product&#038;p=6127"},"modified":"2021-02-22T11:27:53","modified_gmt":"2021-02-22T10:27:53","slug":"40204711-bw","status":"publish","type":"product","link":"https:\/\/www.dekorativnifotografie.cz\/dekorativnifoto\/obchod\/portrety\/40204711-bw\/","title":{"rendered":"Dani Warrior, Papua, Indonesia"},"content":{"rendered":"<p style=\"text-align: center;\">Ka\u017ed\u00e1 fotografie je opat\u0159ena certifika\u010dn\u00edm \u0161t\u00edtkem s n\u00e1zvem, s\u00e9riov\u00fdm \u010d\u00edslem a origin\u00e1ln\u00edm podpisem autora. Fotografie jsou ti\u0161t\u011bny v maxim\u00e1ln\u00ed limitovan\u00e9 \u0159ad\u011b 200 ks. Ka\u017edou z nab\u00edzen\u00fdch fotografi\u00ed je mo\u017en\u00e9 objednat tak\u00e9 v jin\u00fdch rozm\u011brech, v barevn\u00e9, \u010di \u010dernob\u00edl\u00e9 variant\u011b.<\/p>\n","protected":false},"excerpt":{"rendered":"<p>Kdy\u017e jsem odj\u00ed\u017ed\u011bl poprv\u00e9 na ostrov Nov\u00e1 Guinea m\u00fdm c\u00edlem bylo Baliemsk\u00e9 \u00fadol\u00ed. Psal se rok 2005, dom\u016f jsem psal smsky jednou t\u00fddn\u011b, proto\u017ee spojen\u00ed s domovem z druh\u00e9ho konce sv\u011bta bylo nep\u0159edstaviteln\u011b drah\u00e9. Internet v telefonech byl teprve v plenk\u00e1ch. V\u016fbec jsem nev\u011bd\u011bl, co m\u016f\u017eu \u010dekat, ale m\u00e9 fotografick\u00e9 i cestovatelsk\u00e9 srdce zaj\u00e1salo hned po p\u0159ist\u00e1n\u00ed ve Wamen\u011b uprost\u0159ed ostrova. Nav\u0161t\u00edvil jsem vesnici kmene Dani a by\u0165 zdej\u0161\u00ed domorod\u00e9 kmeny \u017eij\u00ed na \u00farovni doby kamenn\u00e9, z pohledu jejich p\u0159\u00edslu\u0161n\u00edk\u016f jsem \u010dasto c\u00edtil moudrost prov\u011b\u0159enou generacemi p\u0159edk\u016f. Moudrost, kterou nep\u0159ed\u010d\u00ed \u017e\u00e1dn\u00e9 v\u00fddobytky modern\u00ed doby.<\/p>\n","protected":false},"featured_media":6159,"template":"","meta":[],"product_cat":[50],"product_tag":[279,280,278,68,61,60,246,64,66,287,244,286,62,63,72,71,245,302,303,336,65,67,69,70,59,58],"_links":{"self":[{"href":"https:\/\/www.dekorativnifotografie.cz\/dekorativnifoto\/wp-json\/wp\/v2\/product\/6127"}],"collection":[{"href":"https:\/\/www.dekorativnifotografie.cz\/dekorativnifoto\/wp-json\/wp\/v2\/product"}],"about":[{"href":"https:\/\/www.dekorativnifotografie.cz\/dekorativnifoto\/wp-json\/wp\/v2\/types\/product"}],"wp:featuredmedia":[{"embeddable":true,"href":"https:\/\/www.dekorativnifotografie.cz\/dekorativnifoto\/wp-json\/wp\/v2\/media\/6159"}],"wp:attachment":[{"href":"https:\/\/www.dekorativnifotografie.cz\/dekorativnifoto\/wp-json\/wp\/v2\/media?parent=6127"}],"wp:term":[{"taxonomy":"product_cat","embeddable":true,"href":"https:\/\/www.dekorativnifotografie.cz\/dekorativnifoto\/wp-json\/wp\/v2\/product_cat?post=6127"},{"taxonomy":"product_tag","embeddable":true,"href":"https:\/\/www.dekorativnifotografie.cz\/dekorativnifoto\/wp-json\/wp\/v2\/product_tag?post=6127"}],"curies":[{"name":"wp","href":"https:\/\/api.w.org\/{rel}","templated":true}]}}