{"id":6089,"date":"2020-08-23T19:34:37","date_gmt":"2020-08-23T17:34:37","guid":{"rendered":"https:\/\/www.dekorativnifotografie.cz\/dekorativnifoto\/?post_type=product&#038;p=6089"},"modified":"2021-02-22T11:30:17","modified_gmt":"2021-02-22T10:30:17","slug":"40204408-bw","status":"publish","type":"product","link":"https:\/\/www.dekorativnifotografie.cz\/dekorativnifoto\/obchod\/portrety\/40204408-bw\/","title":{"rendered":"Dani Warrior, Papua, Indonesia"},"content":{"rendered":"<p style=\"text-align: center;\">Ka\u017ed\u00e1 fotografie je opat\u0159ena certifika\u010dn\u00edm \u0161t\u00edtkem s n\u00e1zvem, s\u00e9riov\u00fdm \u010d\u00edslem a origin\u00e1ln\u00edm podpisem autora. Fotografie jsou ti\u0161t\u011bny v maxim\u00e1ln\u00ed limitovan\u00e9 \u0159ad\u011b 200 ks. Ka\u017edou z nab\u00edzen\u00fdch fotografi\u00ed je mo\u017en\u00e9 objednat tak\u00e9 v jin\u00fdch rozm\u011brech, v barevn\u00e9, \u010di \u010dernob\u00edl\u00e9 variant\u011b.<\/p>\n","protected":false},"excerpt":{"rendered":"<p>Nov\u00e1 Guinea je druh\u00fdm nejv\u011bt\u0161\u00edm ostrovem. Z\u00e1rove\u0148 je tak\u00e9 jedn\u00edm z posledn\u00edch m\u00edst na planet\u011b Zemi, kde se alespo\u0148 \u010d\u00e1ste\u010dn\u011b dochovala p\u0159\u00edroda ve sv\u00e9 nejp\u016fvodn\u011bj\u0161\u00ed divok\u00e9 podob\u011b. Ostrov je jedine\u010dn\u00fd tak\u00e9 t\u00edm, \u017ee zde i v dne\u0161n\u00ed dob\u011b \u017eij\u00ed ji\u017e tis\u00edce let nem\u011bnn\u00fdm zp\u016fsobem nejstar\u0161\u00ed kultury sv\u011bta, kter\u00e9 modern\u00ed civilizace ozna\u010duje za primitivn\u00ed kmeny. Na vlastn\u00ed o\u010di jsem se ale p\u0159esv\u011bd\u010dil \u017ee pr\u00e1v\u011b od t\u011bchto kmen\u016f bychom se m\u011bli je\u0161t\u011b mnoh\u00e9mu nau\u010dit!<\/p>\n","protected":false},"featured_media":6121,"template":"","meta":[],"product_cat":[50],"product_tag":[279,280,278,68,61,60,64,66,62,63,72,71,65,67,69,70,59,58],"_links":{"self":[{"href":"https:\/\/www.dekorativnifotografie.cz\/dekorativnifoto\/wp-json\/wp\/v2\/product\/6089"}],"collection":[{"href":"https:\/\/www.dekorativnifotografie.cz\/dekorativnifoto\/wp-json\/wp\/v2\/product"}],"about":[{"href":"https:\/\/www.dekorativnifotografie.cz\/dekorativnifoto\/wp-json\/wp\/v2\/types\/product"}],"wp:featuredmedia":[{"embeddable":true,"href":"https:\/\/www.dekorativnifotografie.cz\/dekorativnifoto\/wp-json\/wp\/v2\/media\/6121"}],"wp:attachment":[{"href":"https:\/\/www.dekorativnifotografie.cz\/dekorativnifoto\/wp-json\/wp\/v2\/media?parent=6089"}],"wp:term":[{"taxonomy":"product_cat","embeddable":true,"href":"https:\/\/www.dekorativnifotografie.cz\/dekorativnifoto\/wp-json\/wp\/v2\/product_cat?post=6089"},{"taxonomy":"product_tag","embeddable":true,"href":"https:\/\/www.dekorativnifotografie.cz\/dekorativnifoto\/wp-json\/wp\/v2\/product_tag?post=6089"}],"curies":[{"name":"wp","href":"https:\/\/api.w.org\/{rel}","templated":true}]}}