{"id":6013,"date":"2020-08-23T18:37:53","date_gmt":"2020-08-23T16:37:53","guid":{"rendered":"https:\/\/www.dekorativnifotografie.cz\/dekorativnifoto\/?post_type=product&#038;p=6013"},"modified":"2021-02-22T11:39:24","modified_gmt":"2021-02-22T10:39:24","slug":"40204163-bw","status":"publish","type":"product","link":"https:\/\/www.dekorativnifotografie.cz\/dekorativnifoto\/obchod\/portrety\/40204163-bw\/","title":{"rendered":"Dani Warrior, Papua, Indonesia"},"content":{"rendered":"<p style=\"text-align: center;\">Ka\u017ed\u00e1 fotografie je opat\u0159ena certifika\u010dn\u00edm \u0161t\u00edtkem s n\u00e1zvem, s\u00e9riov\u00fdm \u010d\u00edslem a origin\u00e1ln\u00edm podpisem autora. Fotografie jsou ti\u0161t\u011bny v maxim\u00e1ln\u00ed limitovan\u00e9 \u0159ad\u011b 200 ks. Ka\u017edou z nab\u00edzen\u00fdch fotografi\u00ed je mo\u017en\u00e9 objednat tak\u00e9 v jin\u00fdch rozm\u011brech, v barevn\u00e9, \u010di \u010dernob\u00edl\u00e9 variant\u011b.<\/p>\n","protected":false},"excerpt":{"rendered":"<p>Kdy\u017e jsem p\u0159ich\u00e1zel do vesnice kmene Dani, &#8222;p\u0159iv\u00edtali&#8220; m\u011b jej\u00ed v\u00e1le\u010dn\u00edci. A uv\u00edt\u00e1ni to zprvu nebylo p\u0159\u00edli\u0161 p\u0159\u00e1telsk\u00e9. V\u00e1le\u010dn\u00edci na m\u011b m\u00ed\u0159ili \u0161\u00edpy a j\u00e1 moc nev\u011bd\u011bl, co si o tom myslet. Po chv\u00edli, kdy si m\u011b p\u0159\u00edsn\u00e9 o\u010di mu\u017e\u016f prohl\u00ed\u017eely a doslova proscanovaly, jsem byl do vesnice p\u0159ijat. Jakmile n\u00e1\u010deln\u00edk odsouhlasil moji p\u0159\u00edtomnost, n\u00e1lada ve vesnici se oto\u010dila o 180\u00b0. V\u0161ichni se na m\u011b usm\u00edvali a se z\u00e1jmem si m\u011b prohl\u00ed\u017eeli. Danijov\u00e9 byli nesm\u00edrn\u011b p\u0159\u00e1tel\u0161t\u00ed a na v\u0161e, co jsem v jejich vesnici pro\u017eil, nezapomenu.<\/p>\n","protected":false},"featured_media":6045,"template":"","meta":[],"product_cat":[50],"product_tag":[279,280,278,68,61,60,64,66,62,63,72,71,65,67,69,70,59,58],"_links":{"self":[{"href":"https:\/\/www.dekorativnifotografie.cz\/dekorativnifoto\/wp-json\/wp\/v2\/product\/6013"}],"collection":[{"href":"https:\/\/www.dekorativnifotografie.cz\/dekorativnifoto\/wp-json\/wp\/v2\/product"}],"about":[{"href":"https:\/\/www.dekorativnifotografie.cz\/dekorativnifoto\/wp-json\/wp\/v2\/types\/product"}],"wp:featuredmedia":[{"embeddable":true,"href":"https:\/\/www.dekorativnifotografie.cz\/dekorativnifoto\/wp-json\/wp\/v2\/media\/6045"}],"wp:attachment":[{"href":"https:\/\/www.dekorativnifotografie.cz\/dekorativnifoto\/wp-json\/wp\/v2\/media?parent=6013"}],"wp:term":[{"taxonomy":"product_cat","embeddable":true,"href":"https:\/\/www.dekorativnifotografie.cz\/dekorativnifoto\/wp-json\/wp\/v2\/product_cat?post=6013"},{"taxonomy":"product_tag","embeddable":true,"href":"https:\/\/www.dekorativnifotografie.cz\/dekorativnifoto\/wp-json\/wp\/v2\/product_tag?post=6013"}],"curies":[{"name":"wp","href":"https:\/\/api.w.org\/{rel}","templated":true}]}}