{"id":5956,"date":"2020-07-16T17:25:07","date_gmt":"2020-07-16T15:25:07","guid":{"rendered":"https:\/\/www.dekorativnifotografie.cz\/dekorativnifoto\/?post_type=product&#038;p=5956"},"modified":"2021-02-23T14:52:35","modified_gmt":"2021-02-23T13:52:35","slug":"20402031","status":"publish","type":"product","link":"https:\/\/www.dekorativnifotografie.cz\/dekorativnifoto\/obchod\/zvirata\/20402031\/","title":{"rendered":"Marine Iguana, Galapagos Islands"},"content":{"rendered":"<p style=\"text-align: center;\">Ka\u017ed\u00e1 fotografie je opat\u0159ena certifika\u010dn\u00edm \u0161t\u00edtkem s n\u00e1zvem, s\u00e9riov\u00fdm \u010d\u00edslem a origin\u00e1ln\u00edm podpisem autora. Fotografie jsou ti\u0161t\u011bny v maxim\u00e1ln\u00ed limitovan\u00e9 \u0159ad\u011b 200 ks. Ka\u017edou z nab\u00edzen\u00fdch fotografi\u00ed je mo\u017en\u00e9 objednat tak\u00e9 v jin\u00fdch rozm\u011brech, v barevn\u00e9, \u010di \u010dernob\u00edl\u00e9 variant\u011b.<\/p>\n","protected":false},"excerpt":{"rendered":"<p>Legu\u00e1n mo\u0159sk\u00fd vyh\u0159\u00edvaj\u00edc\u00ed se na \u010dern\u00e9m \u00fatesu mi trp\u011bliv\u011b p\u00f3zoval n\u011bkolik minut. Na pob\u0159e\u017e\u00ed galap\u00e1\u017esk\u00fdch ostrov\u016f se legu\u00e1ni mo\u0159\u0161t\u00ed vyh\u0159\u00edvaj\u00ed po v\u011bt\u0161inu dne. Slune\u010dn\u00ed svit jim d\u00e1v\u00e1 teplo, kter\u00e9 pot\u0159ebuj\u00ed k \u017eivotu. Tento druh legu\u00e1na je unik\u00e1tn\u00ed nejenom proto, \u017ee \u017eije na Galap\u00e1g\u00e1ch, ale p\u0159edev\u0161\u00edm proto, \u017ee hled\u00e1 potravu v mo\u0159i. Dok\u00e1\u017ee se potopit a\u017e do 15ti metrov\u00fdch hloubek, d\u00edky \u010demu\u017e je jedin\u00fdm je\u0161t\u011brem, kter\u00fd plave v mo\u0159i. Nikdy p\u0159ed t\u00edm, ne\u017e jsem nav\u0161t\u00edvil Galap\u00e1gy, jsem nikde nevid\u011bl takovou koncentraci zv\u00ed\u0159at na jednom m\u00edst\u011b, jako pr\u00e1v\u011b zde. Na jednom kilometru pob\u0159e\u017e\u00ed m\u016f\u017ee odpo\u010d\u00edvat na tis\u00edc legu\u00e1n\u016f. Celkem jich na Galap\u00e1g\u00e1ch \u017eije t\u00e9m\u011b\u0159 t\u0159i sta tis\u00edc.<\/p>\n","protected":false},"featured_media":5988,"template":"","meta":[],"product_cat":[51],"product_tag":[80,82,87,120,119,86,85,78,83,121,77,75,84,76,88,81,79],"_links":{"self":[{"href":"https:\/\/www.dekorativnifotografie.cz\/dekorativnifoto\/wp-json\/wp\/v2\/product\/5956"}],"collection":[{"href":"https:\/\/www.dekorativnifotografie.cz\/dekorativnifoto\/wp-json\/wp\/v2\/product"}],"about":[{"href":"https:\/\/www.dekorativnifotografie.cz\/dekorativnifoto\/wp-json\/wp\/v2\/types\/product"}],"wp:featuredmedia":[{"embeddable":true,"href":"https:\/\/www.dekorativnifotografie.cz\/dekorativnifoto\/wp-json\/wp\/v2\/media\/5988"}],"wp:attachment":[{"href":"https:\/\/www.dekorativnifotografie.cz\/dekorativnifoto\/wp-json\/wp\/v2\/media?parent=5956"}],"wp:term":[{"taxonomy":"product_cat","embeddable":true,"href":"https:\/\/www.dekorativnifotografie.cz\/dekorativnifoto\/wp-json\/wp\/v2\/product_cat?post=5956"},{"taxonomy":"product_tag","embeddable":true,"href":"https:\/\/www.dekorativnifotografie.cz\/dekorativnifoto\/wp-json\/wp\/v2\/product_tag?post=5956"}],"curies":[{"name":"wp","href":"https:\/\/api.w.org\/{rel}","templated":true}]}}