{"id":5918,"date":"2020-07-16T17:14:56","date_gmt":"2020-07-16T15:14:56","guid":{"rendered":"https:\/\/www.dekorativnifotografie.cz\/dekorativnifoto\/?post_type=product&#038;p=5918"},"modified":"2021-08-25T11:13:40","modified_gmt":"2021-08-25T09:13:40","slug":"41003307","status":"publish","type":"product","link":"https:\/\/www.dekorativnifotografie.cz\/dekorativnifoto\/obchod\/zvirata\/41003307\/","title":{"rendered":"Philippine Tarsier, Philippines"},"content":{"rendered":"<p style=\"text-align: center;\">Ka\u017ed\u00e1 fotografie je opat\u0159ena certifika\u010dn\u00edm \u0161t\u00edtkem s n\u00e1zvem, s\u00e9riov\u00fdm \u010d\u00edslem a origin\u00e1ln\u00edm podpisem autora. Fotografie jsou ti\u0161t\u011bny v maxim\u00e1ln\u00ed limitovan\u00e9 \u0159ad\u011b 200 ks. Ka\u017edou z nab\u00edzen\u00fdch fotografi\u00ed je mo\u017en\u00e9 objednat tak\u00e9 v jin\u00fdch rozm\u011brech, v barevn\u00e9, \u010di \u010dernob\u00edl\u00e9 variant\u011b.<\/p>\n","protected":false},"excerpt":{"rendered":"<p>Neoby\u010dejn\u00e1 drobn\u00e1 stvo\u0159en\u00ed p\u0159ipom\u00ednaj\u00edc\u00ed poh\u00e1dkov\u00e9 trpasl\u00edky z fantastick\u00e9ho sv\u011bta. To jsou pro m\u011b jedni z nejmen\u0161\u00edch prim\u00e1t\u016f sv\u011bta n\u00e1rtouni. P\u0159es den pod\u0159imuj\u00ed schoulen\u00ed na v\u011btvi. Tohoto drobe\u010dka jsem hledal dv\u011b hodiny.\u00a0 I p\u0159es mal\u00fd vzr\u016fst maj\u00ed n\u00e1rtouni jedno ob\u0159\u00ed nej. V pom\u011bru k mali\u010dk\u00e9mu t\u011blu jsou jejich o\u010di nejv\u011bt\u0161\u00ed z \u0159\u00ed\u0161e savc\u016f. Dohromady v\u00e1\u017e\u00ed dokonce v\u00edc ne\u017e n\u00e1rtoun\u016fv mozek. Velikost\u00ed p\u0159esahuj\u00ed i velikost jeho \u017ealudku. Nep\u0159ipom\u00edn\u00e1 v\u00e1m n\u011bkoho? Mal\u00e9 t\u011blo, velk\u00e9 o\u010di, \u0161pi\u010dat\u00e9 u\u0161i? Milovn\u00edky kultovn\u00ed s\u00e1gy Star Wars mo\u017en\u00e1 nep\u0159ekvap\u00ed, \u017ee pr\u00e1v\u011b n\u00e1rtouni byli p\u0159edobrazem moudr\u00e9ho mistra Yody. J\u00e1 si tyto drobe\u010dky z Filip\u00edn opravdu zamiloval.<\/p>\n","protected":false},"featured_media":5949,"template":"","meta":[],"product_cat":[51],"product_tag":[255,94,93,248,252,243,97,91,98,246,100,102,89,247,90,92,245,95,253,96,101,99,254],"_links":{"self":[{"href":"https:\/\/www.dekorativnifotografie.cz\/dekorativnifoto\/wp-json\/wp\/v2\/product\/5918"}],"collection":[{"href":"https:\/\/www.dekorativnifotografie.cz\/dekorativnifoto\/wp-json\/wp\/v2\/product"}],"about":[{"href":"https:\/\/www.dekorativnifotografie.cz\/dekorativnifoto\/wp-json\/wp\/v2\/types\/product"}],"wp:featuredmedia":[{"embeddable":true,"href":"https:\/\/www.dekorativnifotografie.cz\/dekorativnifoto\/wp-json\/wp\/v2\/media\/5949"}],"wp:attachment":[{"href":"https:\/\/www.dekorativnifotografie.cz\/dekorativnifoto\/wp-json\/wp\/v2\/media?parent=5918"}],"wp:term":[{"taxonomy":"product_cat","embeddable":true,"href":"https:\/\/www.dekorativnifotografie.cz\/dekorativnifoto\/wp-json\/wp\/v2\/product_cat?post=5918"},{"taxonomy":"product_tag","embeddable":true,"href":"https:\/\/www.dekorativnifotografie.cz\/dekorativnifoto\/wp-json\/wp\/v2\/product_tag?post=5918"}],"curies":[{"name":"wp","href":"https:\/\/api.w.org\/{rel}","templated":true}]}}