{"id":5842,"date":"2020-07-16T16:35:43","date_gmt":"2020-07-16T14:35:43","guid":{"rendered":"https:\/\/www.dekorativnifotografie.cz\/dekorativnifoto\/?post_type=product&#038;p=5842"},"modified":"2021-11-03T09:49:02","modified_gmt":"2021-11-03T08:49:02","slug":"40217654","status":"publish","type":"product","link":"https:\/\/www.dekorativnifotografie.cz\/dekorativnifoto\/obchod\/kultura\/40217654\/","title":{"rendered":"Harmony with Gods, Bali, Indonesia"},"content":{"rendered":"<p style=\"text-align: center;\">Ka\u017ed\u00e1 fotografie je opat\u0159ena certifika\u010dn\u00edm \u0161t\u00edtkem s n\u00e1zvem, s\u00e9riov\u00fdm \u010d\u00edslem a origin\u00e1ln\u00edm podpisem autora. Fotografie jsou ti\u0161t\u011bny v maxim\u00e1ln\u00ed limitovan\u00e9 \u0159ad\u011b<br \/>\n200 ks. Ka\u017edou z nab\u00edzen\u00fdch fotografi\u00ed je mo\u017en\u00e9 objednat tak\u00e9 v jin\u00fdch rozm\u011brech, v barevn\u00e9, \u010di \u010dernob\u00edl\u00e9 variant\u011b.<\/p>\n","protected":false},"excerpt":{"rendered":"<p>Kdy\u017e jsem poprv\u00e9 nav\u0161t\u00edvil Bali, popravd\u011b, nebyl jsem dvakr\u00e1t nad\u0161en\u00fd. M\u016fj vztah k tomuto ostrovu boh\u016f se m\u011bnil pozvolna, ale v\u011b\u0159\u00edm, \u017ee o to hlub\u0161\u00ed je. Bali jsem si zamiloval a kdy\u017e to jde, vrac\u00edm se sem i n\u011bkolikr\u00e1t ro\u010dn\u011b. Fascinuje m\u011b zdej\u0161\u00ed kultura, v\u00edra v bohy a d\u00e9mony, jejich uct\u00edv\u00e1n\u00ed, ob\u011btiny a filozofie, kter\u00e1 ur\u010duje celkov\u00fd chod \u017eivota na ostrov\u011b. Olt\u00e1\u0159 pro ob\u011bti boh\u016fm nesm\u00ed chyb\u011bt ani na r\u00fd\u017eov\u00e9m poli. Balijci d\u011bkuji boh\u016fm za dobrou \u00farodu, j\u00e1 d\u011bkuji Bali za jeho atmosf\u00e9ru a jedine\u010dnou fotogeni\u010dnost.<\/p>\n","protected":false},"featured_media":5874,"template":"","meta":[],"product_cat":[52],"product_tag":[94,93,128,236,234,235,237,210,232,233,229,61,230,126,127,123,125,124,122,131,231,129,209],"_links":{"self":[{"href":"https:\/\/www.dekorativnifotografie.cz\/dekorativnifoto\/wp-json\/wp\/v2\/product\/5842"}],"collection":[{"href":"https:\/\/www.dekorativnifotografie.cz\/dekorativnifoto\/wp-json\/wp\/v2\/product"}],"about":[{"href":"https:\/\/www.dekorativnifotografie.cz\/dekorativnifoto\/wp-json\/wp\/v2\/types\/product"}],"wp:featuredmedia":[{"embeddable":true,"href":"https:\/\/www.dekorativnifotografie.cz\/dekorativnifoto\/wp-json\/wp\/v2\/media\/5874"}],"wp:attachment":[{"href":"https:\/\/www.dekorativnifotografie.cz\/dekorativnifoto\/wp-json\/wp\/v2\/media?parent=5842"}],"wp:term":[{"taxonomy":"product_cat","embeddable":true,"href":"https:\/\/www.dekorativnifotografie.cz\/dekorativnifoto\/wp-json\/wp\/v2\/product_cat?post=5842"},{"taxonomy":"product_tag","embeddable":true,"href":"https:\/\/www.dekorativnifotografie.cz\/dekorativnifoto\/wp-json\/wp\/v2\/product_tag?post=5842"}],"curies":[{"name":"wp","href":"https:\/\/api.w.org\/{rel}","templated":true}]}}