{"id":5690,"date":"2020-07-16T15:37:28","date_gmt":"2020-07-16T13:37:28","guid":{"rendered":"https:\/\/www.dekorativnifotografie.cz\/dekorativnifoto\/?post_type=product&#038;p=5690"},"modified":"2021-11-03T10:00:27","modified_gmt":"2021-11-03T09:00:27","slug":"40800257","status":"publish","type":"product","link":"https:\/\/www.dekorativnifotografie.cz\/dekorativnifoto\/obchod\/krajiny\/40800257\/","title":{"rendered":"Lhasa, Tibet"},"content":{"rendered":"<p style=\"text-align: center;\">Ka\u017ed\u00e1 fotografie je opat\u0159ena certifika\u010dn\u00edm \u0161t\u00edtkem s n\u00e1zvem, s\u00e9riov\u00fdm \u010d\u00edslem a origin\u00e1ln\u00edm podpisem autora. Fotografie jsou ti\u0161t\u011bny v maxim\u00e1ln\u00ed limitovan\u00e9 \u0159ad\u011b 200 ks. Ka\u017edou z nab\u00edzen\u00fdch fotografi\u00ed je mo\u017en\u00e9 objednat tak\u00e9 v jin\u00fdch rozm\u011brech, v barevn\u00e9, \u010di \u010dernob\u00edl\u00e9 variant\u011b.<\/p>\n","protected":false},"excerpt":{"rendered":"<p>Lhasa, ale vlastn\u011b cel\u00fd Tibet, je pro m\u011b nezapomenuteln\u00fdm m\u00edstem. Nejenom pro jeho kr\u00e1su, ale tak\u00e9 pro v\u0161udyp\u0159\u00edtomn\u00e9 vojensk\u00e9 kontroly a policisty, kter\u00e9 jsem m\u011bl neust\u00e1le za z\u00e1dy. Moje technika pro n\u011b byla jako magnet. Ale na\u0161t\u011bst\u00ed jsme to v\u017edycky n\u011bjak usmlouval a mohl si vyfotografovat v\u0161e, co jsem cht\u011bl. T\u0159eba i tento netradi\u010dn\u00ed pohled na proslul\u00fd pal\u00e1c Pot\u00e1la.<\/p>\n","protected":false},"featured_media":5722,"template":"","meta":[],"product_cat":[49],"product_tag":[94,93,158,202,162,160,212,149,150,157,156,161,159,205,211,151],"_links":{"self":[{"href":"https:\/\/www.dekorativnifotografie.cz\/dekorativnifoto\/wp-json\/wp\/v2\/product\/5690"}],"collection":[{"href":"https:\/\/www.dekorativnifotografie.cz\/dekorativnifoto\/wp-json\/wp\/v2\/product"}],"about":[{"href":"https:\/\/www.dekorativnifotografie.cz\/dekorativnifoto\/wp-json\/wp\/v2\/types\/product"}],"wp:featuredmedia":[{"embeddable":true,"href":"https:\/\/www.dekorativnifotografie.cz\/dekorativnifoto\/wp-json\/wp\/v2\/media\/5722"}],"wp:attachment":[{"href":"https:\/\/www.dekorativnifotografie.cz\/dekorativnifoto\/wp-json\/wp\/v2\/media?parent=5690"}],"wp:term":[{"taxonomy":"product_cat","embeddable":true,"href":"https:\/\/www.dekorativnifotografie.cz\/dekorativnifoto\/wp-json\/wp\/v2\/product_cat?post=5690"},{"taxonomy":"product_tag","embeddable":true,"href":"https:\/\/www.dekorativnifotografie.cz\/dekorativnifoto\/wp-json\/wp\/v2\/product_tag?post=5690"}],"curies":[{"name":"wp","href":"https:\/\/api.w.org\/{rel}","templated":true}]}}