{"id":5652,"date":"2020-07-16T15:25:35","date_gmt":"2020-07-16T13:25:35","guid":{"rendered":"https:\/\/www.dekorativnifotografie.cz\/dekorativnifoto\/?post_type=product&#038;p=5652"},"modified":"2021-11-03T10:00:08","modified_gmt":"2021-11-03T09:00:08","slug":"40403627","status":"publish","type":"product","link":"https:\/\/www.dekorativnifotografie.cz\/dekorativnifoto\/obchod\/krajiny\/40403627\/","title":{"rendered":"Great Wall of China, China"},"content":{"rendered":"<p style=\"text-align: center;\">Ka\u017ed\u00e1 fotografie je opat\u0159ena certifika\u010dn\u00edm \u0161t\u00edtkem s n\u00e1zvem, s\u00e9riov\u00fdm \u010d\u00edslem a origin\u00e1ln\u00edm podpisem autora. Fotografie jsou ti\u0161t\u011bny v maxim\u00e1ln\u00ed limitovan\u00e9 \u0159ad\u011b 200 ks. Ka\u017edou z nab\u00edzen\u00fdch fotografi\u00ed je mo\u017en\u00e9 objednat tak\u00e9 v jin\u00fdch rozm\u011brech, v barevn\u00e9, \u010di \u010dernob\u00edl\u00e9 variant\u011b.<\/p>\n<p>&nbsp;<\/p>\n","protected":false},"excerpt":{"rendered":"<p>Na Velkou \u010d\u00ednskou ze\u010f jsem p\u0159ijel u\u017e o p\u016fl sedm\u00e9. D\u016fvod byl jeden jedin\u00fd, cht\u011bl jsem si vychutnat \u010das, kdy bude pr\u00e1zdn\u00e1. Bylo to to nejlep\u0161\u00ed rozhodnut\u00ed, kter\u00e9 jsem mohl ud\u011blat. Na tomto monumentu jsem byl absolutn\u011b s\u00e1m a zdej\u0161\u00ed klidn\u00e1 rann\u00ed atmosf\u00e9ra byla neopakovateln\u00e1. Skoro jsem m\u011bl chv\u00edlemi pocit, jako bych se p\u0159esunul v \u010dase do dob d\u00e1vno minul\u00fdch, kdy v \u010c\u00edn\u011b vl\u00e1dly mocn\u00e9 dynastie.<\/p>\n","protected":false},"featured_media":5684,"template":"","meta":[],"product_cat":[49],"product_tag":[94,93,168,166,165,141,164,210,212,169,170,268,140,269,211,167,163,209],"_links":{"self":[{"href":"https:\/\/www.dekorativnifotografie.cz\/dekorativnifoto\/wp-json\/wp\/v2\/product\/5652"}],"collection":[{"href":"https:\/\/www.dekorativnifotografie.cz\/dekorativnifoto\/wp-json\/wp\/v2\/product"}],"about":[{"href":"https:\/\/www.dekorativnifotografie.cz\/dekorativnifoto\/wp-json\/wp\/v2\/types\/product"}],"wp:featuredmedia":[{"embeddable":true,"href":"https:\/\/www.dekorativnifotografie.cz\/dekorativnifoto\/wp-json\/wp\/v2\/media\/5684"}],"wp:attachment":[{"href":"https:\/\/www.dekorativnifotografie.cz\/dekorativnifoto\/wp-json\/wp\/v2\/media?parent=5652"}],"wp:term":[{"taxonomy":"product_cat","embeddable":true,"href":"https:\/\/www.dekorativnifotografie.cz\/dekorativnifoto\/wp-json\/wp\/v2\/product_cat?post=5652"},{"taxonomy":"product_tag","embeddable":true,"href":"https:\/\/www.dekorativnifotografie.cz\/dekorativnifoto\/wp-json\/wp\/v2\/product_tag?post=5652"}],"curies":[{"name":"wp","href":"https:\/\/api.w.org\/{rel}","templated":true}]}}