{"id":5614,"date":"2020-07-16T15:11:45","date_gmt":"2020-07-16T13:11:45","guid":{"rendered":"https:\/\/www.dekorativnifotografie.cz\/dekorativnifoto\/?post_type=product&#038;p=5614"},"modified":"2021-11-03T09:58:14","modified_gmt":"2021-11-03T08:58:14","slug":"26-01-2","status":"publish","type":"product","link":"https:\/\/www.dekorativnifotografie.cz\/dekorativnifoto\/obchod\/krajiny\/26-01-2\/","title":{"rendered":"Perfect Day, New Zealand"},"content":{"rendered":"<p style=\"text-align: center;\">Tato fotografie byla po\u0159\u00edzena klasickou technikou fotografie na dia pozitiv Kodak Ectachrome E100.<\/p>\n<p style=\"text-align: center;\">Ka\u017ed\u00e1 fotografie je opat\u0159ena certifika\u010dn\u00edm \u0161t\u00edtkem s n\u00e1zvem, s\u00e9riov\u00fdm \u010d\u00edslem a origin\u00e1ln\u00edm podpisem autora. Fotografie jsou ti\u0161t\u011bny v maxim\u00e1ln\u00ed limitovan\u00e9 \u0159ad\u011b 200 ks. Ka\u017edou z nab\u00edzen\u00fdch fotografi\u00ed je mo\u017en\u00e9 objednat tak\u00e9 v jin\u00fdch rozm\u011brech, v barevn\u00e9, \u010di \u010dernob\u00edl\u00e9 variant\u011b.<\/p>\n","protected":false},"excerpt":{"rendered":"<p>Na Nov\u00e9m Z\u00e9landu jsem str\u00e1vil neopakovateln\u00fdch osm m\u011bs\u00edc\u016f. Osm m\u011bs\u00edc\u016f, kter\u00e9 mi zm\u011bnily \u017eivot. Zdej\u0161\u00ed krajina je p\u0159en\u00e1dhern\u00e1, divok\u00e1 a nesm\u00edrn\u011b fotogenick\u00e1. P\u0159i pohledu na jakoukoliv fotografii z Nov\u00e9ho Z\u00e9landu se v\u017edycky zasn\u00edm a vzpom\u00edn\u00e1m na kr\u00e1sn\u00fd \u010das, kter\u00fd bych cht\u011bl vr\u00e1tit zp\u00e1tky. I proto fotky tak miluju. Uchov\u00e1vaj\u00ed na\u0161e vzpom\u00ednky, vypr\u00e1v\u00ed p\u0159\u00edb\u011bhy, p\u0159in\u00e1\u0161\u00ed emoce.<\/p>\n","protected":false},"featured_media":5619,"template":"","meta":[],"product_cat":[49],"product_tag":[174,176,208,178,180,179,268,177,269,207,181,172,171,183,185,184,173,175,182],"_links":{"self":[{"href":"https:\/\/www.dekorativnifotografie.cz\/dekorativnifoto\/wp-json\/wp\/v2\/product\/5614"}],"collection":[{"href":"https:\/\/www.dekorativnifotografie.cz\/dekorativnifoto\/wp-json\/wp\/v2\/product"}],"about":[{"href":"https:\/\/www.dekorativnifotografie.cz\/dekorativnifoto\/wp-json\/wp\/v2\/types\/product"}],"wp:featuredmedia":[{"embeddable":true,"href":"https:\/\/www.dekorativnifotografie.cz\/dekorativnifoto\/wp-json\/wp\/v2\/media\/5619"}],"wp:attachment":[{"href":"https:\/\/www.dekorativnifotografie.cz\/dekorativnifoto\/wp-json\/wp\/v2\/media?parent=5614"}],"wp:term":[{"taxonomy":"product_cat","embeddable":true,"href":"https:\/\/www.dekorativnifotografie.cz\/dekorativnifoto\/wp-json\/wp\/v2\/product_cat?post=5614"},{"taxonomy":"product_tag","embeddable":true,"href":"https:\/\/www.dekorativnifotografie.cz\/dekorativnifoto\/wp-json\/wp\/v2\/product_tag?post=5614"}],"curies":[{"name":"wp","href":"https:\/\/api.w.org\/{rel}","templated":true}]}}