{"id":4692,"date":"2020-07-07T16:38:43","date_gmt":"2020-07-07T14:38:43","guid":{"rendered":"https:\/\/www.dekorativnifotografie.cz\/dekorativnifoto\/?post_type=product&#038;p=4692"},"modified":"2021-11-03T09:56:07","modified_gmt":"2021-11-03T08:56:07","slug":"20107904","status":"publish","type":"product","link":"https:\/\/www.dekorativnifotografie.cz\/dekorativnifoto\/obchod\/krajiny\/20107904\/","title":{"rendered":"Christ the Redemeer I, Rio de Janeiro, Brazil"},"content":{"rendered":"<p style=\"text-align: center;\">Ka\u017ed\u00e1 fotografie je opat\u0159ena certifika\u010dn\u00edm \u0161t\u00edtkem s n\u00e1zvem, s\u00e9riov\u00fdm \u010d\u00edslem a origin\u00e1ln\u00edm podpisem autora. Fotografie jsou ti\u0161t\u011bny v maxim\u00e1ln\u00ed limitovan\u00e9 \u0159ad\u011b 200 ks. Ka\u017edou z nab\u00edzen\u00fdch fotografi\u00ed je mo\u017en\u00e9 objednat tak\u00e9 v jin\u00fdch rozm\u011brech, v barevn\u00e9, \u010di \u010dernob\u00edl\u00e9 variant\u011b.<\/p>\n","protected":false},"excerpt":{"rendered":"<p>Socha Je\u017e\u00ed\u0161e Krista Vykupitele v Rio de Janeiru je jedn\u00edm ze symbol\u016f Braz\u00edlie. St\u0159e\u017e\u00ed m\u011bsto a sv\u00fdmi pa\u017eemi jej obj\u00edm\u00e1.\u00a0 P\u0159ekvapilo m\u011b, jak jsem byl r\u00e1d, kdy\u017e jsem ho alespo\u0148 v d\u00e1li p\u0159i obch\u016fzk\u00e1ch m\u011bstem spat\u0159il Skoro jako by skute\u010dn\u011b vys\u00edlal jakousi s\u00edlu, klid a jistotu ka\u017ed\u00e9mu, kdo se na n\u011bj pod\u00edv\u00e1. Nev\u00edm. Jedno ale v\u00edm jist\u011b, bez t\u00e9to sochy by Rio nebylo takov\u00e9, jak\u00e9 je.<\/p>\n","protected":false},"featured_media":5579,"template":"","meta":[],"product_cat":[49],"product_tag":[188,38,202,197,162,160,258,257,189,246,268,269,256,161,159,244,262,204,247,203,261,186,193,190,199,201,259,260,198,200],"_links":{"self":[{"href":"https:\/\/www.dekorativnifotografie.cz\/dekorativnifoto\/wp-json\/wp\/v2\/product\/4692"}],"collection":[{"href":"https:\/\/www.dekorativnifotografie.cz\/dekorativnifoto\/wp-json\/wp\/v2\/product"}],"about":[{"href":"https:\/\/www.dekorativnifotografie.cz\/dekorativnifoto\/wp-json\/wp\/v2\/types\/product"}],"wp:featuredmedia":[{"embeddable":true,"href":"https:\/\/www.dekorativnifotografie.cz\/dekorativnifoto\/wp-json\/wp\/v2\/media\/5579"}],"wp:attachment":[{"href":"https:\/\/www.dekorativnifotografie.cz\/dekorativnifoto\/wp-json\/wp\/v2\/media?parent=4692"}],"wp:term":[{"taxonomy":"product_cat","embeddable":true,"href":"https:\/\/www.dekorativnifotografie.cz\/dekorativnifoto\/wp-json\/wp\/v2\/product_cat?post=4692"},{"taxonomy":"product_tag","embeddable":true,"href":"https:\/\/www.dekorativnifotografie.cz\/dekorativnifoto\/wp-json\/wp\/v2\/product_tag?post=4692"}],"curies":[{"name":"wp","href":"https:\/\/api.w.org\/{rel}","templated":true}]}}