{"id":4586,"date":"2020-07-07T16:14:40","date_gmt":"2020-07-07T14:14:40","guid":{"rendered":"https:\/\/www.dekorativnifotografie.cz\/dekorativnifoto\/?post_type=product&#038;p=4586"},"modified":"2021-11-03T09:55:28","modified_gmt":"2021-11-03T08:55:28","slug":"mirror-2","status":"publish","type":"product","link":"https:\/\/www.dekorativnifotografie.cz\/dekorativnifoto\/obchod\/krajiny\/mirror-2\/","title":{"rendered":"Mirror Lake, New Zealand"},"content":{"rendered":"<p style=\"text-align: center;\">Ka\u017ed\u00e1 fotografie je opat\u0159ena certifika\u010dn\u00edm \u0161t\u00edtkem s n\u00e1zvem, s\u00e9riov\u00fdm \u010d\u00edslem a origin\u00e1ln\u00edm podpisem autora. Fotografie jsou ti\u0161t\u011bny v maxim\u00e1ln\u00ed limitovan\u00e9 \u0159ad\u011b 200 ks. Ka\u017edou z nab\u00edzen\u00fdch fotografi\u00ed je mo\u017en\u00e9 objednat tak\u00e9 v jin\u00fdch rozm\u011brech, v barevn\u00e9, \u010di \u010dernob\u00edl\u00e9 variant\u011b.<\/p>\n","protected":false},"excerpt":{"rendered":"<p>Mnohokr\u00e1t jsem se p\u0159esv\u011bd\u010dil o tom, \u017ee Zem\u011b je m\u00edsto pln\u00e9 moudrosti, nad\u011bje, harmonie a radosti. A i kdy\u017e mi n\u011bkdy nebylo zrovna hej, dok\u00e1zal mi pohled na jej\u00ed kr\u00e1su vy\u010darovat \u00fasm\u011bv na tv\u00e1\u0159i. Mirror Lakes tvo\u0159\u00ed soustavu jezer le\u017e\u00edc\u00edch na ji\u017en\u00edm ostrov\u011b na Nov\u00e9m Z\u00e9landu. Jezera najdete na cest\u011b mezi Te Anau a Milford Soundem. Pohled na hory zrcadl\u00edc\u00ed se v jejich klidn\u00fdch hladin\u00e1ch se neomrz\u00ed nikdy. Pamatuji si, \u017ee jsem m\u011bl jedin\u00fd den na vyfocen\u00ed tohoto sn\u00edmku. V hlav\u011b jsem si jej p\u0159esn\u011b takto vysnil a moc jsem si p\u0159\u00e1l, aby v ten podve\u010der zrovna nefoukal v\u00edtr, aby hladina jezera byla klidn\u00e1 a odr\u00e1\u017eela \u00fachvatn\u00fd obraz jako zrcadlo. P\u0159\u00e1l jsem si to moc a p\u0159\u00e1l jsem si dob\u0159e. Hladina jezera tohoto podve\u010dera byla klidn\u00e1 jako mysl Maorsk\u00e9ho \u0161amana.<\/p>\n<p>&nbsp;<\/p>\n","protected":false},"featured_media":5549,"template":"","meta":[],"product_cat":[49],"product_tag":[208,277,274,267,271,272,266,264,246,268,265,269,256,270,263,207,172,171,244,262,247,253,261,259,260,276,275,273],"_links":{"self":[{"href":"https:\/\/www.dekorativnifotografie.cz\/dekorativnifoto\/wp-json\/wp\/v2\/product\/4586"}],"collection":[{"href":"https:\/\/www.dekorativnifotografie.cz\/dekorativnifoto\/wp-json\/wp\/v2\/product"}],"about":[{"href":"https:\/\/www.dekorativnifotografie.cz\/dekorativnifoto\/wp-json\/wp\/v2\/types\/product"}],"wp:featuredmedia":[{"embeddable":true,"href":"https:\/\/www.dekorativnifotografie.cz\/dekorativnifoto\/wp-json\/wp\/v2\/media\/5549"}],"wp:attachment":[{"href":"https:\/\/www.dekorativnifotografie.cz\/dekorativnifoto\/wp-json\/wp\/v2\/media?parent=4586"}],"wp:term":[{"taxonomy":"product_cat","embeddable":true,"href":"https:\/\/www.dekorativnifotografie.cz\/dekorativnifoto\/wp-json\/wp\/v2\/product_cat?post=4586"},{"taxonomy":"product_tag","embeddable":true,"href":"https:\/\/www.dekorativnifotografie.cz\/dekorativnifoto\/wp-json\/wp\/v2\/product_tag?post=4586"}],"curies":[{"name":"wp","href":"https:\/\/api.w.org\/{rel}","templated":true}]}}