{"id":4515,"date":"2020-07-07T16:03:48","date_gmt":"2020-07-07T14:03:48","guid":{"rendered":"https:\/\/www.dekorativnifotografie.cz\/dekorativnifoto\/?post_type=product&#038;p=4515"},"modified":"2021-11-03T09:54:57","modified_gmt":"2021-11-03T08:54:57","slug":"50113190-1","status":"publish","type":"product","link":"https:\/\/www.dekorativnifotografie.cz\/dekorativnifoto\/obchod\/krajiny\/50113190-1\/","title":{"rendered":"Heart Reef, Australia"},"content":{"rendered":"<p style=\"text-align: center;\">Ka\u017ed\u00e1 fotografie je opat\u0159ena certifika\u010dn\u00edm \u0161t\u00edtkem s n\u00e1zvem, s\u00e9riov\u00fdm \u010d\u00edslem a origin\u00e1ln\u00edm podpisem autora. Fotografie jsou ti\u0161t\u011bny v maxim\u00e1ln\u00ed limitovan\u00e9 \u0159ad\u011b 200 ks. Ka\u017edou z nab\u00edzen\u00fdch fotografi\u00ed je mo\u017en\u00e9 objednat tak\u00e9 v jin\u00fdch rozm\u011brech, v barevn\u00e9, \u010di \u010dernob\u00edl\u00e9 variant\u011b.<\/p>\n","protected":false},"excerpt":{"rendered":"<p>Nejv\u011bt\u0161\u00ed soustavou kor\u00e1lov\u00fdch \u00fates\u016f na sv\u011bt\u011b je Velk\u00fd bari\u00e9rov\u00fd \u00fates t\u00e1hnouc\u00ed se pod\u00e9l severov\u00fdchodn\u00edho pob\u0159e\u017e\u00ed Austr\u00e1lie v d\u00e9lce p\u0159es 2 000 km. Kdy\u017e jsem zjistil, \u017ee jeden z kor\u00e1lov\u00fdch ostr\u016fvk\u016f je vytvarov\u00e1n do srdce, hned jsem za\u010dal zji\u0161\u0165ovat, ve kter\u00fdch m\u00edstech le\u017e\u00ed a jak se k n\u011bmu dostat. Heart reef jsem se vypravil z m\u011bste\u010dka Harvey Bay pronajatou helikopt\u00e9rou. R\u00e1d hled\u00e1m na Zemi d\u016fkazy, kdy n\u00e1m p\u0159\u00edroda vyzn\u00e1v\u00e1 l\u00e1sku.<\/p>\n","protected":false},"featured_media":5519,"template":"","meta":[],"product_cat":[49],"product_tag":[108,107,288,208,307,308,290,220,243,312,295,271,311,297,298,246,306,250,249,289,268,269,287,256,207,181,244,183,185,184,286,247,309,253,302,303,292,304,305,182,296,301,313,314,291,293,294,299,310,300],"_links":{"self":[{"href":"https:\/\/www.dekorativnifotografie.cz\/dekorativnifoto\/wp-json\/wp\/v2\/product\/4515"}],"collection":[{"href":"https:\/\/www.dekorativnifotografie.cz\/dekorativnifoto\/wp-json\/wp\/v2\/product"}],"about":[{"href":"https:\/\/www.dekorativnifotografie.cz\/dekorativnifoto\/wp-json\/wp\/v2\/types\/product"}],"wp:featuredmedia":[{"embeddable":true,"href":"https:\/\/www.dekorativnifotografie.cz\/dekorativnifoto\/wp-json\/wp\/v2\/media\/5519"}],"wp:attachment":[{"href":"https:\/\/www.dekorativnifotografie.cz\/dekorativnifoto\/wp-json\/wp\/v2\/media?parent=4515"}],"wp:term":[{"taxonomy":"product_cat","embeddable":true,"href":"https:\/\/www.dekorativnifotografie.cz\/dekorativnifoto\/wp-json\/wp\/v2\/product_cat?post=4515"},{"taxonomy":"product_tag","embeddable":true,"href":"https:\/\/www.dekorativnifotografie.cz\/dekorativnifoto\/wp-json\/wp\/v2\/product_tag?post=4515"}],"curies":[{"name":"wp","href":"https:\/\/api.w.org\/{rel}","templated":true}]}}