{"id":4410,"date":"2020-07-07T15:47:30","date_gmt":"2020-07-07T13:47:30","guid":{"rendered":"https:\/\/www.dekorativnifotografie.cz\/dekorativnifoto\/?post_type=product&#038;p=4410"},"modified":"2021-11-03T09:54:43","modified_gmt":"2021-11-03T08:54:43","slug":"50113029-1","status":"publish","type":"product","link":"https:\/\/www.dekorativnifotografie.cz\/dekorativnifoto\/obchod\/krajiny\/50113029-1\/","title":{"rendered":"Whitehaven Beach, Australia"},"content":{"rendered":"<p style=\"text-align: center;\">Ka\u017ed\u00e1 fotografie je opat\u0159ena certifika\u010dn\u00edm \u0161t\u00edtkem s n\u00e1zvem, s\u00e9riov\u00fdm \u010d\u00edslem a origin\u00e1ln\u00edm podpisem autora. Fotografie jsou ti\u0161t\u011bny v maxim\u00e1ln\u00ed limitovan\u00e9 \u0159ad\u011b 200 ks. Ka\u017edou z nab\u00edzen\u00fdch fotografi\u00ed je mo\u017en\u00e9 objednat tak\u00e9 v jin\u00fdch rozm\u011brech, v barevn\u00e9, \u010di \u010dernob\u00edl\u00e9 variant\u011b.<\/p>\n","protected":false},"excerpt":{"rendered":"<p>Vid\u00edm to jak dnes. Proch\u00e1zeli jsme se s man\u017eelkou a rok a p\u016fl starou dcerou po Airlie Beach a m\u00e1 \u017eena mi prozradila, \u017ee by si p\u0159\u00e1la n\u011bkdy se prolet\u011bt vrtuln\u00edkem. Po p\u00e1r kroc\u00edch jsme v nedalek\u00e9m parku spat\u0159ili malou helikopt\u00e9ru, kter\u00e1 nab\u00edzela vyhl\u00eddkov\u00e9 lety. Nev\u00e1hal jsem ani na vte\u0159inu a sv\u00e9 \u017een\u011b jej\u00ed sen splnil. Prolet\u011bla se s n\u00e1mi i na\u0161e dcera, kter\u00e1 to zvl\u00e1dla s naprost\u00fdm p\u0159ehledem a radost\u00ed j\u00e1sala hned, kdy\u017e jsme se odlepili od zem\u011b. Man\u017eelka se sm\u00e1la od ucha k uchu po cel\u00fd let no a j\u00e1 v\u0161echnu tu n\u00e1dheru pod n\u00e1mi pozoroval skrz hled\u00e1\u010dek fotoapar\u00e1tu. A takov\u00fd je p\u0159\u00edb\u011bh, kter\u00fd se mi vybav\u00ed v\u017edy, kdy\u017e vid\u00edm tuto fotku. T\u0159eba se v\u00e1m p\u0159i pohledu na Whiteheaven Beach vybav\u00ed ten v\u00e1\u0161 p\u0159\u00edb\u011bh.<\/p>\n","protected":false},"featured_media":5484,"template":"","meta":[],"product_cat":[49],"product_tag":[108,107,288,174,176,208,248,246,268,269,256,207,181,183,286,247,173,175,327,302,303,182,328,301,310],"_links":{"self":[{"href":"https:\/\/www.dekorativnifotografie.cz\/dekorativnifoto\/wp-json\/wp\/v2\/product\/4410"}],"collection":[{"href":"https:\/\/www.dekorativnifotografie.cz\/dekorativnifoto\/wp-json\/wp\/v2\/product"}],"about":[{"href":"https:\/\/www.dekorativnifotografie.cz\/dekorativnifoto\/wp-json\/wp\/v2\/types\/product"}],"wp:featuredmedia":[{"embeddable":true,"href":"https:\/\/www.dekorativnifotografie.cz\/dekorativnifoto\/wp-json\/wp\/v2\/media\/5484"}],"wp:attachment":[{"href":"https:\/\/www.dekorativnifotografie.cz\/dekorativnifoto\/wp-json\/wp\/v2\/media?parent=4410"}],"wp:term":[{"taxonomy":"product_cat","embeddable":true,"href":"https:\/\/www.dekorativnifotografie.cz\/dekorativnifoto\/wp-json\/wp\/v2\/product_cat?post=4410"},{"taxonomy":"product_tag","embeddable":true,"href":"https:\/\/www.dekorativnifotografie.cz\/dekorativnifoto\/wp-json\/wp\/v2\/product_tag?post=4410"}],"curies":[{"name":"wp","href":"https:\/\/api.w.org\/{rel}","templated":true}]}}