{"id":4375,"date":"2020-07-07T15:42:12","date_gmt":"2020-07-07T13:42:12","guid":{"rendered":"https:\/\/www.dekorativnifotografie.cz\/dekorativnifoto\/?post_type=product&#038;p=4375"},"modified":"2021-11-03T09:54:32","modified_gmt":"2021-11-03T08:54:32","slug":"50110061-1","status":"publish","type":"product","link":"https:\/\/www.dekorativnifotografie.cz\/dekorativnifoto\/obchod\/portrety\/50110061-1\/","title":{"rendered":"Aboriginal Boy, Australia"},"content":{"rendered":"<p style=\"text-align: center;\">Ka\u017ed\u00e1 fotografie je opat\u0159ena certifika\u010dn\u00edm \u0161t\u00edtkem s n\u00e1zvem, s\u00e9riov\u00fdm \u010d\u00edslem a origin\u00e1ln\u00edm podpisem autora. Fotografie jsou ti\u0161t\u011bny v maxim\u00e1ln\u00ed limitovan\u00e9 \u0159ad\u011b 200 ks. Ka\u017edou z nab\u00edzen\u00fdch fotografi\u00ed je mo\u017en\u00e9 objednat tak\u00e9 v jin\u00fdch rozm\u011brech, v barevn\u00e9, \u010di \u010dernob\u00edl\u00e9 variant\u011b.<\/p>\n","protected":false},"excerpt":{"rendered":"<p>Osud domorod\u00fdch obyvatel Aboriginc\u016f ve m\u011b vyvol\u00e1v\u00e1 smutek. Bohu\u017eel se tito domorodci nedok\u00e1zali ubr\u00e1nit koloniz\u00e1tor\u016fm a jejich smutn\u00e1 historie mnoh\u00e9 z nich vyhnala na okraj spole\u010dnosti. O to v\u00edc m\u011b t\u011b\u0161\u00ed, \u017ee jsou v Austr\u00e1lii st\u00e1le spole\u010denstva, kter\u00e1 si svou zemitou kulturu rud\u00e9ho kontinentu st\u00e1le udr\u017euje a sna\u017e\u00ed se zprost\u0159edkovat ji i okoln\u00edmu sv\u011btu. Tento chlapec pat\u0159\u00ed ke kmeni Tjapukai, kter\u00fd ob\u00fdv\u00e1 tropickou oblast v okol\u00ed Cairns. Z jeho pohledu jsem c\u00edtil p\u0159edev\u0161\u00edm hrdost.<\/p>\n<p>&nbsp;<\/p>\n","protected":false},"featured_media":5337,"template":"","meta":[],"product_cat":[50],"product_tag":[330,329,108,331,107,332,225,248,221,144,243,333,224,246,250,249,286,304,305,334,310],"_links":{"self":[{"href":"https:\/\/www.dekorativnifotografie.cz\/dekorativnifoto\/wp-json\/wp\/v2\/product\/4375"}],"collection":[{"href":"https:\/\/www.dekorativnifotografie.cz\/dekorativnifoto\/wp-json\/wp\/v2\/product"}],"about":[{"href":"https:\/\/www.dekorativnifotografie.cz\/dekorativnifoto\/wp-json\/wp\/v2\/types\/product"}],"wp:featuredmedia":[{"embeddable":true,"href":"https:\/\/www.dekorativnifotografie.cz\/dekorativnifoto\/wp-json\/wp\/v2\/media\/5337"}],"wp:attachment":[{"href":"https:\/\/www.dekorativnifotografie.cz\/dekorativnifoto\/wp-json\/wp\/v2\/media?parent=4375"}],"wp:term":[{"taxonomy":"product_cat","embeddable":true,"href":"https:\/\/www.dekorativnifotografie.cz\/dekorativnifoto\/wp-json\/wp\/v2\/product_cat?post=4375"},{"taxonomy":"product_tag","embeddable":true,"href":"https:\/\/www.dekorativnifotografie.cz\/dekorativnifoto\/wp-json\/wp\/v2\/product_tag?post=4375"}],"curies":[{"name":"wp","href":"https:\/\/api.w.org\/{rel}","templated":true}]}}