{"id":4340,"date":"2020-07-07T15:36:53","date_gmt":"2020-07-07T13:36:53","guid":{"rendered":"https:\/\/www.dekorativnifotografie.cz\/dekorativnifoto\/?post_type=product&#038;p=4340"},"modified":"2021-11-03T09:54:16","modified_gmt":"2021-11-03T08:54:16","slug":"50108757-1","status":"publish","type":"product","link":"https:\/\/www.dekorativnifotografie.cz\/dekorativnifoto\/obchod\/zvirata\/50108757-1\/","title":{"rendered":"Koala Bear, Australia"},"content":{"rendered":"<p style=\"text-align: center;\">Ka\u017ed\u00e1 fotografie je opat\u0159ena certifika\u010dn\u00edm \u0161t\u00edtkem s n\u00e1zvem, s\u00e9riov\u00fdm \u010d\u00edslem a origin\u00e1ln\u00edm podpisem autora. Fotografie jsou ti\u0161t\u011bny v maxim\u00e1ln\u00ed limitovan\u00e9 \u0159ad\u011b 200 ks. Ka\u017edou z nab\u00edzen\u00fdch fotografi\u00ed je mo\u017en\u00e9 objednat tak\u00e9 v jin\u00fdch rozm\u011brech, v barevn\u00e9, \u010di \u010dernob\u00edl\u00e9 variant\u011b.<\/p>\n","protected":false},"excerpt":{"rendered":"<p>Slovo koala znamen\u00e1 v \u0159e\u010di domorod\u00fdch Austr\u00e1lc\u016f \u201enepije\u201c. Koala medv\u00eddkovit\u00e1 skute\u010dn\u011b nepije, v\u0161echny pot\u0159ebn\u00e9 tekutiny p\u0159ij\u00edm\u00e1 z eukalyptov\u00fdch list\u016f, kter\u00fdmi se \u017eiv\u00ed. Koaly maj\u00ed vcelku poklidn\u00fd \u017eivot. Zhruba \u010dty\u0159i hodiny denn\u011b tr\u00e1v\u00ed sh\u00e1n\u011bn\u00edm potravy a zbytek dne v\u011bt\u0161inou prosp\u00ed. Ob\u010das bych s nimi i m\u011bnil. Pokud m\u00e1te doma d\u00edtko miluj\u00edc\u00ed p\u0159\u00edrodu, v\u011b\u0159\u00edm, \u017ee pr\u00e1v\u011b tato fotografie v podob\u011b dekorativn\u00edho obrazu mu ud\u011bl\u00e1 radost.<\/p>\n<p>&nbsp;<\/p>\n","protected":false},"featured_media":5220,"template":"","meta":[],"product_cat":[51],"product_tag":[80,108,107,248,221,220,243,212,246,250,249,223,106,240,105,239,238,287,112,114,244,185,184,286,247,245,304,305,211,242,241,336,301,113,111,335,310,251,79],"_links":{"self":[{"href":"https:\/\/www.dekorativnifotografie.cz\/dekorativnifoto\/wp-json\/wp\/v2\/product\/4340"}],"collection":[{"href":"https:\/\/www.dekorativnifotografie.cz\/dekorativnifoto\/wp-json\/wp\/v2\/product"}],"about":[{"href":"https:\/\/www.dekorativnifotografie.cz\/dekorativnifoto\/wp-json\/wp\/v2\/types\/product"}],"wp:featuredmedia":[{"embeddable":true,"href":"https:\/\/www.dekorativnifotografie.cz\/dekorativnifoto\/wp-json\/wp\/v2\/media\/5220"}],"wp:attachment":[{"href":"https:\/\/www.dekorativnifotografie.cz\/dekorativnifoto\/wp-json\/wp\/v2\/media?parent=4340"}],"wp:term":[{"taxonomy":"product_cat","embeddable":true,"href":"https:\/\/www.dekorativnifotografie.cz\/dekorativnifoto\/wp-json\/wp\/v2\/product_cat?post=4340"},{"taxonomy":"product_tag","embeddable":true,"href":"https:\/\/www.dekorativnifotografie.cz\/dekorativnifoto\/wp-json\/wp\/v2\/product_tag?post=4340"}],"curies":[{"name":"wp","href":"https:\/\/api.w.org\/{rel}","templated":true}]}}