{"id":4305,"date":"2020-07-07T15:31:57","date_gmt":"2020-07-07T13:31:57","guid":{"rendered":"https:\/\/www.dekorativnifotografie.cz\/dekorativnifoto\/?post_type=product&#038;p=4305"},"modified":"2021-11-03T09:54:03","modified_gmt":"2021-11-03T08:54:03","slug":"50106418-1","status":"publish","type":"product","link":"https:\/\/www.dekorativnifotografie.cz\/dekorativnifoto\/obchod\/zvirata\/50106418-1\/","title":{"rendered":"Humpback Whale, Australia"},"content":{"rendered":"<p style=\"text-align: center;\">Ka\u017ed\u00e1 fotografie je opat\u0159ena certifika\u010dn\u00edm \u0161t\u00edtkem s n\u00e1zvem, s\u00e9riov\u00fdm \u010d\u00edslem a origin\u00e1ln\u00edm podpisem autora. Fotografie jsou ti\u0161t\u011bny v maxim\u00e1ln\u00ed limitovan\u00e9 \u0159ad\u011b 200 ks. Ka\u017edou z nab\u00edzen\u00fdch fotografi\u00ed je mo\u017en\u00e9 objednat tak\u00e9 v jin\u00fdch rozm\u011brech, v barevn\u00e9, \u010di \u010dernob\u00edl\u00e9 variant\u011b.<\/p>\n","protected":false},"excerpt":{"rendered":"<p>Keporkakov\u00e9 jsou m\u00ed velc\u00ed obl\u00edbenci. A jsem vd\u011b\u010dn\u00fd, \u017ee jsem se k nim dostal tak bl\u00edzko, \u017ee fotky, kter\u00e9 prezentuji nejsou v\u00fd\u0159ezem. Keporkaky jsem m\u011bl t\u00e9m\u011b\u0159 na dosah ruky. Vyfotografovat je ve v\u00fdskoku je jen dost obt\u00ed\u017en\u00e9. Setk\u00e1n\u00ed s t\u011bmito velik\u00e1ny bylo pro m\u011b dojemn\u00fdm z\u00e1\u017eitkem, kter\u00fd pro m\u011b moc znamen\u00e1.<\/p>\n","protected":false},"featured_media":5210,"template":"","meta":[],"product_cat":[51],"product_tag":[108,107,354,208,248,243,337,338,250,343,353,207,181,183,185,184,247,302,303,182,301,356,339,341,315,317,299,310,300,316,318,357,340,342,355],"_links":{"self":[{"href":"https:\/\/www.dekorativnifotografie.cz\/dekorativnifoto\/wp-json\/wp\/v2\/product\/4305"}],"collection":[{"href":"https:\/\/www.dekorativnifotografie.cz\/dekorativnifoto\/wp-json\/wp\/v2\/product"}],"about":[{"href":"https:\/\/www.dekorativnifotografie.cz\/dekorativnifoto\/wp-json\/wp\/v2\/types\/product"}],"wp:featuredmedia":[{"embeddable":true,"href":"https:\/\/www.dekorativnifotografie.cz\/dekorativnifoto\/wp-json\/wp\/v2\/media\/5210"}],"wp:attachment":[{"href":"https:\/\/www.dekorativnifotografie.cz\/dekorativnifoto\/wp-json\/wp\/v2\/media?parent=4305"}],"wp:term":[{"taxonomy":"product_cat","embeddable":true,"href":"https:\/\/www.dekorativnifotografie.cz\/dekorativnifoto\/wp-json\/wp\/v2\/product_cat?post=4305"},{"taxonomy":"product_tag","embeddable":true,"href":"https:\/\/www.dekorativnifotografie.cz\/dekorativnifoto\/wp-json\/wp\/v2\/product_tag?post=4305"}],"curies":[{"name":"wp","href":"https:\/\/api.w.org\/{rel}","templated":true}]}}