{"id":3814,"date":"2020-07-07T13:54:07","date_gmt":"2020-07-07T11:54:07","guid":{"rendered":"https:\/\/www.dekorativnifotografie.cz\/dekorativnifoto\/?post_type=product&#038;p=3814"},"modified":"2020-09-14T12:20:57","modified_gmt":"2020-09-14T10:20:57","slug":"40406389-1","status":"publish","type":"product","link":"https:\/\/www.dekorativnifotografie.cz\/dekorativnifoto\/obchod\/zvirata\/40406389-1\/","title":{"rendered":"Giant Panda, China"},"content":{"rendered":"<p><a class=\"dt-pswp-item\" href=\"https:\/\/www.dekorativnifotografie.cz\/dekorativnifoto\/wp-content\/uploads\/2020\/09\/40406389.jpg\" data-dt-img-description=\"\" data-large_image_width=\"1920\" data-large_image_height=\"1080\"><img decoding=\"async\" loading=\"lazy\" class=\"aligncenter wp-image-6949 size-full\" src=\"https:\/\/www.dekorativnifotografie.cz\/dekorativnifoto\/wp-content\/uploads\/2020\/09\/40406389.jpg\" alt=\"\" width=\"1920\" height=\"1080\" srcset=\"https:\/\/www.dekorativnifotografie.cz\/dekorativnifoto\/wp-content\/uploads\/2020\/09\/40406389.jpg 1920w, https:\/\/www.dekorativnifotografie.cz\/dekorativnifoto\/wp-content\/uploads\/2020\/09\/40406389-300x169.jpg 300w, https:\/\/www.dekorativnifotografie.cz\/dekorativnifoto\/wp-content\/uploads\/2020\/09\/40406389-1024x576.jpg 1024w, https:\/\/www.dekorativnifotografie.cz\/dekorativnifoto\/wp-content\/uploads\/2020\/09\/40406389-768x432.jpg 768w, https:\/\/www.dekorativnifotografie.cz\/dekorativnifoto\/wp-content\/uploads\/2020\/09\/40406389-1536x864.jpg 1536w, https:\/\/www.dekorativnifotografie.cz\/dekorativnifoto\/wp-content\/uploads\/2020\/09\/40406389-600x338.jpg 600w\" sizes=\"(max-width: 1920px) 100vw, 1920px\" \/><\/a><\/p>\n","protected":false},"excerpt":{"rendered":"<p>Ka\u017ed\u00e1 fotografie je opat\u0159ena certifika\u010dn\u00edm \u0161t\u00edtkem s n\u00e1zvem, s\u00e9riov\u00fdm \u010d\u00edslem<br \/>\na origin\u00e1ln\u00edm podpisem autora. Fotografie jsou ti\u0161t\u011bny v maxim\u00e1ln\u00ed limitovan\u00e9 \u0159ad\u011b<br \/>\n200 ks. Ka\u017edou z nab\u00edzen\u00fdch fotografi\u00ed je mo\u017en\u00e9 objednat tak\u00e9 v jin\u00fdch rozm\u011brech,<br \/>\nv barevn\u00e9, \u010di \u010dernob\u00edl\u00e9 variant\u011b.<\/p>\n","protected":false},"featured_media":5157,"template":"","meta":[],"product_cat":[51],"product_tag":[80,82,94,93,213,399,248,398,166,165,419,220,243,333,421,210,250,249,102,247,420,302,303,101,99,301,310,214,422,209,81,79],"_links":{"self":[{"href":"https:\/\/www.dekorativnifotografie.cz\/dekorativnifoto\/wp-json\/wp\/v2\/product\/3814"}],"collection":[{"href":"https:\/\/www.dekorativnifotografie.cz\/dekorativnifoto\/wp-json\/wp\/v2\/product"}],"about":[{"href":"https:\/\/www.dekorativnifotografie.cz\/dekorativnifoto\/wp-json\/wp\/v2\/types\/product"}],"wp:featuredmedia":[{"embeddable":true,"href":"https:\/\/www.dekorativnifotografie.cz\/dekorativnifoto\/wp-json\/wp\/v2\/media\/5157"}],"wp:attachment":[{"href":"https:\/\/www.dekorativnifotografie.cz\/dekorativnifoto\/wp-json\/wp\/v2\/media?parent=3814"}],"wp:term":[{"taxonomy":"product_cat","embeddable":true,"href":"https:\/\/www.dekorativnifotografie.cz\/dekorativnifoto\/wp-json\/wp\/v2\/product_cat?post=3814"},{"taxonomy":"product_tag","embeddable":true,"href":"https:\/\/www.dekorativnifotografie.cz\/dekorativnifoto\/wp-json\/wp\/v2\/product_tag?post=3814"}],"curies":[{"name":"wp","href":"https:\/\/api.w.org\/{rel}","templated":true}]}}