{"id":3779,"date":"2020-07-07T13:48:42","date_gmt":"2020-07-07T11:48:42","guid":{"rendered":"https:\/\/www.dekorativnifotografie.cz\/dekorativnifoto\/?post_type=product&#038;p=3779"},"modified":"2020-09-14T13:08:25","modified_gmt":"2020-09-14T11:08:25","slug":"40220879-1","status":"publish","type":"product","link":"https:\/\/www.dekorativnifotografie.cz\/dekorativnifoto\/obchod\/kultura\/40220879-1\/","title":{"rendered":"Korowai Chief, West Papua, Indonesia"},"content":{"rendered":"<p><a class=\"dt-pswp-item\" href=\"https:\/\/www.dekorativnifotografie.cz\/dekorativnifoto\/wp-content\/uploads\/2020\/09\/40220879.jpg\" data-dt-img-description=\"\" data-large_image_width=\"1920\" data-large_image_height=\"1080\"><img decoding=\"async\" loading=\"lazy\" class=\"aligncenter wp-image-6978 size-full\" src=\"https:\/\/www.dekorativnifotografie.cz\/dekorativnifoto\/wp-content\/uploads\/2020\/09\/40220879.jpg\" alt=\"\" width=\"1920\" height=\"1080\" srcset=\"https:\/\/www.dekorativnifotografie.cz\/dekorativnifoto\/wp-content\/uploads\/2020\/09\/40220879.jpg 1920w, https:\/\/www.dekorativnifotografie.cz\/dekorativnifoto\/wp-content\/uploads\/2020\/09\/40220879-300x169.jpg 300w, https:\/\/www.dekorativnifotografie.cz\/dekorativnifoto\/wp-content\/uploads\/2020\/09\/40220879-1024x576.jpg 1024w, https:\/\/www.dekorativnifotografie.cz\/dekorativnifoto\/wp-content\/uploads\/2020\/09\/40220879-768x432.jpg 768w, https:\/\/www.dekorativnifotografie.cz\/dekorativnifoto\/wp-content\/uploads\/2020\/09\/40220879-1536x864.jpg 1536w, https:\/\/www.dekorativnifotografie.cz\/dekorativnifoto\/wp-content\/uploads\/2020\/09\/40220879-600x338.jpg 600w\" sizes=\"(max-width: 1920px) 100vw, 1920px\" \/><\/a><\/p>\n","protected":false},"excerpt":{"rendered":"<p>Ka\u017ed\u00e1 fotografie je opat\u0159ena certifika\u010dn\u00edm \u0161t\u00edtkem s n\u00e1zvem, s\u00e9riov\u00fdm \u010d\u00edslem<br \/>\na origin\u00e1ln\u00edm podpisem autora. Fotografie jsou ti\u0161t\u011bny v maxim\u00e1ln\u00ed limitovan\u00e9 \u0159ad\u011b<br \/>\n200 ks. Ka\u017edou z nab\u00edzen\u00fdch fotografi\u00ed je mo\u017en\u00e9 objednat tak\u00e9 v jin\u00fdch rozm\u011brech,<br \/>\nv barevn\u00e9, \u010di \u010dernob\u00edl\u00e9 variant\u011b.<\/p>\n","protected":false},"featured_media":5325,"template":"","meta":[],"product_cat":[52],"product_tag":[225,248,74,419,97,210,224,60,98,246,135,134,287,73,244,286,247,133,245,95,96,302,303,304,336,301,310,59,58,209],"_links":{"self":[{"href":"https:\/\/www.dekorativnifotografie.cz\/dekorativnifoto\/wp-json\/wp\/v2\/product\/3779"}],"collection":[{"href":"https:\/\/www.dekorativnifotografie.cz\/dekorativnifoto\/wp-json\/wp\/v2\/product"}],"about":[{"href":"https:\/\/www.dekorativnifotografie.cz\/dekorativnifoto\/wp-json\/wp\/v2\/types\/product"}],"wp:featuredmedia":[{"embeddable":true,"href":"https:\/\/www.dekorativnifotografie.cz\/dekorativnifoto\/wp-json\/wp\/v2\/media\/5325"}],"wp:attachment":[{"href":"https:\/\/www.dekorativnifotografie.cz\/dekorativnifoto\/wp-json\/wp\/v2\/media?parent=3779"}],"wp:term":[{"taxonomy":"product_cat","embeddable":true,"href":"https:\/\/www.dekorativnifotografie.cz\/dekorativnifoto\/wp-json\/wp\/v2\/product_cat?post=3779"},{"taxonomy":"product_tag","embeddable":true,"href":"https:\/\/www.dekorativnifotografie.cz\/dekorativnifoto\/wp-json\/wp\/v2\/product_tag?post=3779"}],"curies":[{"name":"wp","href":"https:\/\/api.w.org\/{rel}","templated":true}]}}