{"id":3425,"date":"2020-07-06T12:36:26","date_gmt":"2020-07-06T10:36:26","guid":{"rendered":"https:\/\/www.dekorativnifotografie.cz\/dekorativnifoto\/?post_type=product&#038;p=3425"},"modified":"2021-02-22T11:41:41","modified_gmt":"2021-02-22T10:41:41","slug":"40204388-1","status":"publish","type":"product","link":"https:\/\/www.dekorativnifotografie.cz\/dekorativnifoto\/obchod\/portrety\/40204388-1\/","title":{"rendered":"Dani Tribe Chief, West Papua, Indonesia"},"content":{"rendered":"<p style=\"text-align: center;\">Ka\u017ed\u00e1 fotografie je opat\u0159ena certifika\u010dn\u00edm \u0161t\u00edtkem s n\u00e1zvem, s\u00e9riov\u00fdm \u010d\u00edslem a origin\u00e1ln\u00edm podpisem autora. Fotografie jsou ti\u0161t\u011bny v maxim\u00e1ln\u00ed limitovan\u00e9 \u0159ad\u011b 200 ks. Ka\u017edou z nab\u00edzen\u00fdch fotografi\u00ed je mo\u017en\u00e9 objednat tak\u00e9 v jin\u00fdch rozm\u011brech, v barevn\u00e9, \u010di \u010dernob\u00edl\u00e9 variant\u011b.<\/p>\n","protected":false},"excerpt":{"rendered":"<p>N\u00e1\u010deln\u00edk kmene Dani m\u011bl nejkr\u00e1sn\u011bj\u0161\u00ed a nejzdobn\u011bj\u0161\u00ed \u010delenku. Z\u00e1rove\u0148 jeho v\u00e1le\u010dn\u00e9 malov\u00e1n\u00ed p\u016fsobilo nejstra\u0161ideln\u011bj\u0161\u00edm dojmem. Po sejmut\u00ed v\u00e1le\u010dn\u00e9ho pohledu to byl ale nesm\u00edrn\u011b laskav\u00fd a vtipn\u00fd mu\u017e. Hrd\u011b m\u011b prov\u00e1zel vesnic\u00ed a ukazoval v\u0161e, co se mu poda\u0159ilo vybudovat. C\u00edtil jsem, \u017ee m\u00e1 ve vesnici respekt a \u017ee v\u0161ichni jej\u00ed obyvatel\u00e9 jsou spokojeni, \u017ee jim lesn\u00ed duchov\u00e9 seslali siln\u00e9ho a moudr\u00e9ho n\u00e1\u010deln\u00edka. \u010casto si kladu ot\u00e1zky, jak asi danijsk\u00e1 vesnice v Baliemsk\u00e9m \u00fadol\u00ed vypad\u00e1 dnes?<\/p>\n","protected":false},"featured_media":5038,"template":"","meta":[],"product_cat":[50],"product_tag":[94,93,399,225,398,74,68,224,61,60,246,64,66,287,73,244,286,62,63,72,71,245,302,303,336,65,67,69,70,59,58],"_links":{"self":[{"href":"https:\/\/www.dekorativnifotografie.cz\/dekorativnifoto\/wp-json\/wp\/v2\/product\/3425"}],"collection":[{"href":"https:\/\/www.dekorativnifotografie.cz\/dekorativnifoto\/wp-json\/wp\/v2\/product"}],"about":[{"href":"https:\/\/www.dekorativnifotografie.cz\/dekorativnifoto\/wp-json\/wp\/v2\/types\/product"}],"wp:featuredmedia":[{"embeddable":true,"href":"https:\/\/www.dekorativnifotografie.cz\/dekorativnifoto\/wp-json\/wp\/v2\/media\/5038"}],"wp:attachment":[{"href":"https:\/\/www.dekorativnifotografie.cz\/dekorativnifoto\/wp-json\/wp\/v2\/media?parent=3425"}],"wp:term":[{"taxonomy":"product_cat","embeddable":true,"href":"https:\/\/www.dekorativnifotografie.cz\/dekorativnifoto\/wp-json\/wp\/v2\/product_cat?post=3425"},{"taxonomy":"product_tag","embeddable":true,"href":"https:\/\/www.dekorativnifotografie.cz\/dekorativnifoto\/wp-json\/wp\/v2\/product_tag?post=3425"}],"curies":[{"name":"wp","href":"https:\/\/api.w.org\/{rel}","templated":true}]}}