{"id":2825,"date":"2020-07-03T12:37:43","date_gmt":"2020-07-03T10:37:43","guid":{"rendered":"https:\/\/www.dekorativnifotografie.cz\/dekorativnifoto\/?post_type=product&#038;p=2825"},"modified":"2021-05-26T15:20:43","modified_gmt":"2021-05-26T13:20:43","slug":"10507899-1","status":"publish","type":"product","link":"https:\/\/www.dekorativnifotografie.cz\/dekorativnifoto\/obchod\/krajiny\/10507899-1\/","title":{"rendered":"Baobab Avenue, Madagascar"},"content":{"rendered":"<p style=\"text-align: center;\">Ka\u017ed\u00e1 fotografie je opat\u0159ena certifika\u010dn\u00edm \u0161t\u00edtkem s n\u00e1zvem, s\u00e9riov\u00fdm \u010d\u00edslem a origin\u00e1ln\u00edm podpisem autora. Fotografie jsou ti\u0161t\u011bny v maxim\u00e1ln\u00ed limitovan\u00e9 \u0159ad\u011b 200 ks. Ka\u017edou z nab\u00edzen\u00fdch fotografi\u00ed je mo\u017en\u00e9 objednat tak\u00e9 v jin\u00fdch rozm\u011brech, v barevn\u00e9, \u010di \u010dernob\u00edl\u00e9 variant\u011b.<\/p>\n","protected":false},"excerpt":{"rendered":"<p>Alej baobab\u016f je jedn\u00edm ze symbolick\u00fdch m\u00edst Madagaskaru. Na m\u00e9m itiner\u00e1\u0159i proto nemohla chyb\u011bt. Ve dvou \u0159ad\u00e1ch vzrostl\u00e9 baobaby Grandidierovy lemuj\u00edc\u00ed pra\u0161nou cestu jsou prad\u00e1vn\u00fdmi poz\u016fstatky baobabov\u00e9ho lesa. D\u00e9lka aleje, kterou ohrani\u010duje p\u011btadvacet strom\u016f je 260 t\u0159\u00ed metrov\u00fdch strom\u016f. Odhady tvrd\u00ed, \u017ee jejich st\u00e1\u0159\u00ed je 800 let. Na alej jsem se pod\u00edval z trochu jin\u00e9ho \u00fahlu, ne\u017e je obvykl\u00e9. O to se ostatn\u011b sna\u017e\u00edm \u010dasto. Odrazy ve vodn\u00ed hladin\u011b d\u00e1vaj\u00ed cel\u00e9mu m\u00edstu skute\u010dn\u011b tajuplnou atmosf\u00e9ru, co mysl\u00edte?<\/p>\n<p>&nbsp;<\/p>\n<p>&nbsp;<\/p>\n","protected":false},"featured_media":5347,"template":"","meta":[],"product_cat":[49],"product_tag":[],"_links":{"self":[{"href":"https:\/\/www.dekorativnifotografie.cz\/dekorativnifoto\/wp-json\/wp\/v2\/product\/2825"}],"collection":[{"href":"https:\/\/www.dekorativnifotografie.cz\/dekorativnifoto\/wp-json\/wp\/v2\/product"}],"about":[{"href":"https:\/\/www.dekorativnifotografie.cz\/dekorativnifoto\/wp-json\/wp\/v2\/types\/product"}],"wp:featuredmedia":[{"embeddable":true,"href":"https:\/\/www.dekorativnifotografie.cz\/dekorativnifoto\/wp-json\/wp\/v2\/media\/5347"}],"wp:attachment":[{"href":"https:\/\/www.dekorativnifotografie.cz\/dekorativnifoto\/wp-json\/wp\/v2\/media?parent=2825"}],"wp:term":[{"taxonomy":"product_cat","embeddable":true,"href":"https:\/\/www.dekorativnifotografie.cz\/dekorativnifoto\/wp-json\/wp\/v2\/product_cat?post=2825"},{"taxonomy":"product_tag","embeddable":true,"href":"https:\/\/www.dekorativnifotografie.cz\/dekorativnifoto\/wp-json\/wp\/v2\/product_tag?post=2825"}],"curies":[{"name":"wp","href":"https:\/\/api.w.org\/{rel}","templated":true}]}}