{"id":2589,"date":"2020-05-10T15:05:06","date_gmt":"2020-05-10T13:05:06","guid":{"rendered":"https:\/\/www.dekorativnifotografie.cz\/dekorativnifoto\/?page_id=2589"},"modified":"2020-09-30T15:07:02","modified_gmt":"2020-09-30T13:07:02","slug":"autor","status":"publish","type":"page","link":"https:\/\/www.dekorativnifotografie.cz\/dekorativnifoto\/autor\/","title":{"rendered":"Autor"},"content":{"rendered":"<p>[vc_section full_width=&#8220;stretch_row&#8220;][vc_row full_width=&#8220;stretch_row_content_no_spaces&#8220; equal_height=&#8220;yes&#8220; content_placement=&#8220;middle&#8220;][vc_column width=&#8220;1\/2&#8243;][vc_single_image image=&#8220;2590&#8243; img_size=&#8220;large&#8220;][\/vc_column][vc_column width=&#8220;1\/2&#8243; css=&#8220;.vc_custom_1598790660001{margin-right: 10% !important;margin-left: 10% !important;}&#8220;][vc_custom_heading text=&#8220;O AUTOROVI&#8220; font_container=&#8220;tag:h2|text_align:center&#8220; use_theme_fonts=&#8220;yes&#8220; css=&#8220;.vc_custom_1598790708626{margin-bottom: 50px !important;}&#8220;][vc_column_text]<\/p>\n<p style=\"text-align: left;\">ADAM LELEK<\/p>\n<p>Autorem v\u0161ech fotografi\u00ed je fotograf a cestovatel Adam Lelek, kter\u00fd b\u011bhem sv\u00e9 v\u00edce jak dvacetilet\u00e9 praxe nasb\u00edral mnoh\u00e9 cenn\u00e9 zku\u0161enosti a vyprofiloval se do fotografa, kter\u00fd se v sou\u010dasn\u00e9 dob\u011b zam\u011b\u0159uje nejen na wildlife fotografii, ale p\u0159edev\u0161\u00edm na dokumentov\u00e1n\u00ed posledn\u00edch domorod\u00fdch kmen\u016f. Pro jeho fotografie je charakteristick\u00fd nev\u0161edn\u00ed pohled, kter\u00fdm se d\u00edv\u00e1 skrz hled\u00e1\u010dek fotoapar\u00e1tu na sv\u011bt, cit pro zachycen\u00ed jedine\u010dn\u00e9 atmosf\u00e9ry m\u00edsta i empatie, d\u00edky kter\u00e9 dok\u00e1\u017ee zachytit kr\u00e1su lidsk\u00fdch emoc\u00ed. Ka\u017ed\u00fd obraz, kter\u00fd tvo\u0159\u00ed, je pro n\u011bj v\u00fdzvou, jak v n\u011bm naj\u00edt jeho kr\u00e1su, podstatu a p\u0159en\u00e9st na div\u00e1ky nezam\u011bniteln\u00fd dojem. Adam je autorem n\u011bkolika v\u00fdstav, s jeho fotografiemi se m\u016f\u017eete setkat v \u010desk\u00fdch m\u00e9di\u00edch (nap\u0159.: cestovatelsk\u00fd magaz\u00edn Koktejl), ale p\u0159edev\u0161\u00edm na jeho soukrom\u00fdch p\u0159edn\u00e1\u0161k\u00e1ch nebo projekc\u00edch uv\u00e1d\u011bn\u00fdch v r\u00e1mci unik\u00e1tn\u00edho vzd\u011bl\u00e1vac\u00edho projektu Planeta Zem\u011b 3000, jeho\u017e je zakladatel. Projekt pom\u00e1h\u00e1 ji\u017e 17. let ka\u017ed\u00fd rok v\u00edce ne\u017e patn\u00e1cti st\u016fm \u0161kol\u00e1m nap\u0159\u00ed\u010d celou \u010ceskou republikou, deseti tis\u00edc\u016fm pedagog\u016f a t\u00e9m\u011b\u0159 sto pades\u00e1ti tis\u00edc\u016fm \u017e\u00e1k\u016f a student\u016f ka\u017edoro\u010dn\u011b demonstrovat u\u010debn\u011b n\u00e1ro\u010dn\u00e1 t\u00e9mata poutavou a srozumitelnou formou a t\u00e9m\u011b\u0159 sto pades\u00e1t tis\u00edc \u017e\u00e1k\u016f a student\u016f motivovat ke vzd\u011bl\u00e1v\u00e1n\u00ed a osobn\u00edmu rozvoji.[\/vc_column_text][\/vc_column][\/vc_row][\/vc_section]<\/p>\n","protected":false},"excerpt":{"rendered":"<p>[vc_section full_width=&#8220;stretch_row&#8220;][vc_row full_width=&#8220;stretch_row_content_no_spaces&#8220; equal_height=&#8220;yes&#8220; content_placement=&#8220;middle&#8220;][vc_column width=&#8220;1\/2&#8243;][vc_single_image image=&#8220;2590&#8243; img_size=&#8220;large&#8220;][\/vc_column][vc_column width=&#8220;1\/2&#8243; css=&#8220;.vc_custom_1598790660001{margin-right: 10% !important;margin-left: 10% !important;}&#8220;][vc_custom_heading text=&#8220;O AUTOROVI&#8220; font_container=&#8220;tag:h2|text_align:center&#8220; use_theme_fonts=&#8220;yes&#8220; css=&#8220;.vc_custom_1598790708626{margin-bottom: 50px !important;}&#8220;][vc_column_text] ADAM LELEK Autorem v\u0161ech fotografi\u00ed je fotograf a cestovatel Adam Lelek, kter\u00fd b\u011bhem sv\u00e9 v\u00edce jak dvacetilet\u00e9 praxe nasb\u00edral mnoh\u00e9 cenn\u00e9 zku\u0161enosti a vyprofiloval se do fotografa, kter\u00fd se v sou\u010dasn\u00e9 dob\u011b zam\u011b\u0159uje nejen&hellip;<\/p>\n","protected":false},"author":1,"featured_media":0,"parent":0,"menu_order":0,"comment_status":"closed","ping_status":"closed","template":"","meta":[],"folder":[],"_links":{"self":[{"href":"https:\/\/www.dekorativnifotografie.cz\/dekorativnifoto\/wp-json\/wp\/v2\/pages\/2589"}],"collection":[{"href":"https:\/\/www.dekorativnifotografie.cz\/dekorativnifoto\/wp-json\/wp\/v2\/pages"}],"about":[{"href":"https:\/\/www.dekorativnifotografie.cz\/dekorativnifoto\/wp-json\/wp\/v2\/types\/page"}],"author":[{"embeddable":true,"href":"https:\/\/www.dekorativnifotografie.cz\/dekorativnifoto\/wp-json\/wp\/v2\/users\/1"}],"replies":[{"embeddable":true,"href":"https:\/\/www.dekorativnifotografie.cz\/dekorativnifoto\/wp-json\/wp\/v2\/comments?post=2589"}],"version-history":[{"count":14,"href":"https:\/\/www.dekorativnifotografie.cz\/dekorativnifoto\/wp-json\/wp\/v2\/pages\/2589\/revisions"}],"predecessor-version":[{"id":6909,"href":"https:\/\/www.dekorativnifotografie.cz\/dekorativnifoto\/wp-json\/wp\/v2\/pages\/2589\/revisions\/6909"}],"wp:attachment":[{"href":"https:\/\/www.dekorativnifotografie.cz\/dekorativnifoto\/wp-json\/wp\/v2\/media?parent=2589"}],"wp:term":[{"taxonomy":"folder","embeddable":true,"href":"https:\/\/www.dekorativnifotografie.cz\/dekorativnifoto\/wp-json\/wp\/v2\/folder?post=2589"}],"curies":[{"name":"wp","href":"https:\/\/api.w.org\/{rel}","templated":true}]}}